{"id":117,"date":"2023-02-12T12:24:34","date_gmt":"2023-02-12T11:24:34","guid":{"rendered":"https:\/\/alyssa-espana.fr\/?page_id=117"},"modified":"2024-01-16T17:58:41","modified_gmt":"2024-01-16T16:58:41","slug":"services-web-graphique","status":"publish","type":"page","link":"https:\/\/alyssa-espana.fr\/en\/services-web-graphique\/","title":{"rendered":"Services"},"content":{"rendered":"","protected":false},"excerpt":{"rendered":"","protected":false},"author":1,"featured_media":0,"parent":0,"menu_order":0,"comment_status":"closed","ping_status":"closed","template":"elementor_header_footer","meta":{"footnotes":""},"class_list":["post-117","page","type-page","status-publish","hentry"],"yoast_head":"<!-- This site is optimized with the Yoast SEO plugin v25.9 - https:\/\/yoast.com\/wordpress\/plugins\/seo\/ -->\n<title>Service web et graphique \u00e0 Tarbes - Alyssa Espa\u00f1a<\/title>\n<meta name=\"description\" content=\"Un service web et graphique sp\u00e9cialis\u00e9 dans la cr\u00e9ation d&#039;interfaces webdesign, d&#039;identit\u00e9 visuelle et de graphisme print et digital.\" \/>\n<meta name=\"robots\" content=\"index, follow, max-snippet:-1, max-image-preview:large, max-video-preview:-1\" \/>\n<link rel=\"canonical\" href=\"https:\/\/alyssa-espana.fr\/en\/services-web-graphique\/\" \/>\n<meta property=\"og:locale\" content=\"en_US\" \/>\n<meta property=\"og:type\" content=\"article\" \/>\n<meta property=\"og:title\" content=\"Service web et graphique \u00e0 Tarbes - Alyssa Espa\u00f1a\" \/>\n<meta property=\"og:description\" content=\"Un service web et graphique sp\u00e9cialis\u00e9 dans la cr\u00e9ation d&#039;interfaces webdesign, d&#039;identit\u00e9 visuelle et de graphisme print et digital.\" \/>\n<meta property=\"og:url\" content=\"https:\/\/alyssa-espana.fr\/en\/services-web-graphique\/\" \/>\n<meta property=\"og:site_name\" content=\"Alyssa Espa\u00f1a\" \/>\n<meta property=\"article:modified_time\" content=\"2024-01-16T16:58:41+00:00\" \/>\n<meta name=\"twitter:card\" content=\"summary_large_image\" \/>\n<script type=\"application\/ld+json\" class=\"yoast-schema-graph\">{\"@context\":\"https:\/\/schema.org\",\"@graph\":[{\"@type\":\"WebPage\",\"@id\":\"https:\/\/alyssa-espana.fr\/services-web-graphique\/\",\"url\":\"https:\/\/alyssa-espana.fr\/services-web-graphique\/\",\"name\":\"Service web et graphique \u00e0 Tarbes - Alyssa Espa\u00f1a\",\"isPartOf\":{\"@id\":\"https:\/\/alyssa-espana.fr\/#website\"},\"datePublished\":\"2023-02-12T11:24:34+00:00\",\"dateModified\":\"2024-01-16T16:58:41+00:00\",\"description\":\"Un service web et graphique sp\u00e9cialis\u00e9 dans la cr\u00e9ation d'interfaces webdesign, d'identit\u00e9 visuelle et de graphisme print et digital.\",\"breadcrumb\":{\"@id\":\"https:\/\/alyssa-espana.fr\/services-web-graphique\/#breadcrumb\"},\"inLanguage\":\"en-US\",\"potentialAction\":[{\"@type\":\"ReadAction\",\"target\":[\"https:\/\/alyssa-espana.fr\/services-web-graphique\/\"]}]},{\"@type\":\"BreadcrumbList\",\"@id\":\"https:\/\/alyssa-espana.fr\/services-web-graphique\/#breadcrumb\",\"itemListElement\":[{\"@type\":\"ListItem\",\"position\":1,\"name\":\"Accueil\",\"item\":\"https:\/\/alyssa-espana.fr\/\"},{\"@type\":\"ListItem\",\"position\":2,\"name\":\"Services\"}]},{\"@type\":\"WebSite\",\"@id\":\"https:\/\/alyssa-espana.fr\/#website\",\"url\":\"https:\/\/alyssa-espana.fr\/\",\"name\":\"Alyssa Espa\u00f1a\",\"description\":\"\",\"potentialAction\":[{\"@type\":\"SearchAction\",\"target\":{\"@type\":\"EntryPoint\",\"urlTemplate\":\"https:\/\/alyssa-espana.fr\/?s={search_term_string}\"},\"query-input\":{\"@type\":\"PropertyValueSpecification\",\"valueRequired\":true,\"valueName\":\"search_term_string\"}}],\"inLanguage\":\"en-US\"}]}<\/script>\n<!-- \/ Yoast SEO plugin. -->","yoast_head_json":{"title":"Service web et graphique \u00e0 Tarbes - Alyssa Espa\u00f1a","description":"Un service web et graphique sp\u00e9cialis\u00e9 dans la cr\u00e9ation d'interfaces webdesign, d'identit\u00e9 visuelle et de graphisme print et digital.","robots":{"index":"index","follow":"follow","max-snippet":"max-snippet:-1","max-image-preview":"max-image-preview:large","max-video-preview":"max-video-preview:-1"},"canonical":"https:\/\/alyssa-espana.fr\/en\/services-web-graphique\/","og_locale":"en_US","og_type":"article","og_title":"Service web et graphique \u00e0 Tarbes - Alyssa Espa\u00f1a","og_description":"Un service web et graphique sp\u00e9cialis\u00e9 dans la cr\u00e9ation d'interfaces webdesign, d'identit\u00e9 visuelle et de graphisme print et digital.","og_url":"https:\/\/alyssa-espana.fr\/en\/services-web-graphique\/","og_site_name":"Alyssa Espa\u00f1a","article_modified_time":"2024-01-16T16:58:41+00:00","twitter_card":"summary_large_image","schema":{"@context":"https:\/\/schema.org","@graph":[{"@type":"WebPage","@id":"https:\/\/alyssa-espana.fr\/services-web-graphique\/","url":"https:\/\/alyssa-espana.fr\/services-web-graphique\/","name":"Service web et graphique \u00e0 Tarbes - Alyssa Espa\u00f1a","isPartOf":{"@id":"https:\/\/alyssa-espana.fr\/#website"},"datePublished":"2023-02-12T11:24:34+00:00","dateModified":"2024-01-16T16:58:41+00:00","description":"Un service web et graphique sp\u00e9cialis\u00e9 dans la cr\u00e9ation d'interfaces webdesign, d'identit\u00e9 visuelle et de graphisme print et digital.","breadcrumb":{"@id":"https:\/\/alyssa-espana.fr\/services-web-graphique\/#breadcrumb"},"inLanguage":"en-US","potentialAction":[{"@type":"ReadAction","target":["https:\/\/alyssa-espana.fr\/services-web-graphique\/"]}]},{"@type":"BreadcrumbList","@id":"https:\/\/alyssa-espana.fr\/services-web-graphique\/#breadcrumb","itemListElement":[{"@type":"ListItem","position":1,"name":"Accueil","item":"https:\/\/alyssa-espana.fr\/"},{"@type":"ListItem","position":2,"name":"Services"}]},{"@type":"WebSite","@id":"https:\/\/alyssa-espana.fr\/#website","url":"https:\/\/alyssa-espana.fr\/","name":"Alyssa Espa\u00f1a","description":"","potentialAction":[{"@type":"SearchAction","target":{"@type":"EntryPoint","urlTemplate":"https:\/\/alyssa-espana.fr\/?s={search_term_string}"},"query-input":{"@type":"PropertyValueSpecification","valueRequired":true,"valueName":"search_term_string"}}],"inLanguage":"en-US"}]}},"_links":{"self":[{"href":"https:\/\/alyssa-espana.fr\/en\/wp-json\/wp\/v2\/pages\/117","targetHints":{"allow":["GET"]}}],"collection":[{"href":"https:\/\/alyssa-espana.fr\/en\/wp-json\/wp\/v2\/pages"}],"about":[{"href":"https:\/\/alyssa-espana.fr\/en\/wp-json\/wp\/v2\/types\/page"}],"author":[{"embeddable":true,"href":"https:\/\/alyssa-espana.fr\/en\/wp-json\/wp\/v2\/users\/1"}],"replies":[{"embeddable":true,"href":"https:\/\/alyssa-espana.fr\/en\/wp-json\/wp\/v2\/comments?post=117"}],"version-history":[{"count":327,"href":"https:\/\/alyssa-espana.fr\/en\/wp-json\/wp\/v2\/pages\/117\/revisions"}],"predecessor-version":[{"id":3150,"href":"https:\/\/alyssa-espana.fr\/en\/wp-json\/wp\/v2\/pages\/117\/revisions\/3150"}],"wp:attachment":[{"href":"https:\/\/alyssa-espana.fr\/en\/wp-json\/wp\/v2\/media?parent=117"}],"curies":[{"name":"wp","href":"https:\/\/api.w.org\/{rel}","templated":true}]}}