{"id":2801,"date":"2024-01-10T15:16:06","date_gmt":"2024-01-10T14:16:06","guid":{"rendered":"https:\/\/alyssa-espana.fr\/?page_id=2801"},"modified":"2024-01-22T09:32:27","modified_gmt":"2024-01-22T08:32:27","slug":"projet-coupe-du-monde-rugby-2023","status":"publish","type":"page","link":"https:\/\/alyssa-espana.fr\/en\/projet-coupe-du-monde-rugby-2023\/","title":{"rendered":"Projet Coupe du Monde Rugby 2023"},"content":{"rendered":"<div data-elementor-type=\"wp-page\" data-elementor-id=\"2801\" class=\"elementor elementor-2801\">\n\t\t\t\t<div class=\"elementor-element elementor-element-4e61a25 e-flex e-con-boxed e-con e-parent\" data-id=\"4e61a25\" data-element_type=\"container\" data-settings=\"{&quot;background_background&quot;:&quot;classic&quot;}\">\n\t\t\t\t\t<div class=\"e-con-inner\">\n\t\t<div class=\"elementor-element elementor-element-6bfdc30 e-con-full e-flex e-con e-child\" data-id=\"6bfdc30\" data-element_type=\"container\">\n\t\t\t\t<div class=\"elementor-element elementor-element-f81540b elementor-widget__width-initial e-transform elementor-widget elementor-widget-heading\" data-id=\"f81540b\" data-element_type=\"widget\" data-settings=\"{&quot;_transform_translateX_effect&quot;:{&quot;unit&quot;:&quot;px&quot;,&quot;size&quot;:0,&quot;sizes&quot;:[]},&quot;_transform_translateX_effect_tablet&quot;:{&quot;unit&quot;:&quot;px&quot;,&quot;size&quot;:&quot;&quot;,&quot;sizes&quot;:[]},&quot;_transform_translateX_effect_mobile&quot;:{&quot;unit&quot;:&quot;px&quot;,&quot;size&quot;:&quot;&quot;,&quot;sizes&quot;:[]},&quot;_transform_translateY_effect&quot;:{&quot;unit&quot;:&quot;px&quot;,&quot;size&quot;:&quot;&quot;,&quot;sizes&quot;:[]},&quot;_transform_translateY_effect_tablet&quot;:{&quot;unit&quot;:&quot;px&quot;,&quot;size&quot;:&quot;&quot;,&quot;sizes&quot;:[]},&quot;_transform_translateY_effect_mobile&quot;:{&quot;unit&quot;:&quot;px&quot;,&quot;size&quot;:&quot;&quot;,&quot;sizes&quot;:[]}}\" data-widget_type=\"heading.default\">\n\t\t\t\t<div class=\"elementor-widget-container\">\n\t\t\t\t\t<h1 class=\"elementor-heading-title elementor-size-default\">RUGBY WORLD CUP 2023 <\/h1>\t\t\t\t<\/div>\n\t\t\t\t<\/div>\n\t\t<div class=\"elementor-element elementor-element-06d29e3 e-flex e-con-boxed e-con e-child\" data-id=\"06d29e3\" data-element_type=\"container\">\n\t\t\t\t\t<div class=\"e-con-inner\">\n\t\t\t\t<div class=\"elementor-element elementor-element-a2467c2 elementor-align-center elementor-widget elementor-widget-button\" data-id=\"a2467c2\" data-element_type=\"widget\" data-widget_type=\"button.default\">\n\t\t\t\t<div class=\"elementor-widget-container\">\n\t\t\t\t\t\t\t\t\t<div class=\"elementor-button-wrapper\">\n\t\t\t\t\t<a class=\"elementor-button elementor-size-sm\" role=\"button\">\n\t\t\t\t\t\t<span class=\"elementor-button-content-wrapper\">\n\t\t\t\t\t\t\t\t\t<span class=\"elementor-button-text\">COMMUNICATION<\/span>\n\t\t\t\t\t<\/span>\n\t\t\t\t\t<\/a>\n\t\t\t\t<\/div>\n\t\t\t\t\t\t\t\t<\/div>\n\t\t\t\t<\/div>\n\t\t\t\t<div class=\"elementor-element elementor-element-b6e2bd7 elementor-align-center elementor-widget elementor-widget-button\" data-id=\"b6e2bd7\" data-element_type=\"widget\" data-widget_type=\"button.default\">\n\t\t\t\t<div class=\"elementor-widget-container\">\n\t\t\t\t\t\t\t\t\t<div class=\"elementor-button-wrapper\">\n\t\t\t\t\t<a class=\"elementor-button elementor-size-sm\" role=\"button\">\n\t\t\t\t\t\t<span class=\"elementor-button-content-wrapper\">\n\t\t\t\t\t\t\t\t\t<span class=\"elementor-button-text\">GRAPHICS<\/span>\n\t\t\t\t\t<\/span>\n\t\t\t\t\t<\/a>\n\t\t\t\t<\/div>\n\t\t\t\t\t\t\t\t<\/div>\n\t\t\t\t<\/div>\n\t\t\t\t\t<\/div>\n\t\t\t\t<\/div>\n\t\t\t\t<div class=\"elementor-element elementor-element-ff6466b elementor-widget__width-initial elementor-widget elementor-widget-heading\" data-id=\"ff6466b\" data-element_type=\"widget\" data-widget_type=\"heading.default\">\n\t\t\t\t<div class=\"elementor-widget-container\">\n\t\t\t\t\t<p class=\"elementor-heading-title elementor-size-default\">Year<\/p>\t\t\t\t<\/div>\n\t\t\t\t<\/div>\n\t\t\t\t<div class=\"elementor-element elementor-element-8a05432 elementor-widget__width-initial elementor-widget elementor-widget-heading\" data-id=\"8a05432\" data-element_type=\"widget\" data-widget_type=\"heading.default\">\n\t\t\t\t<div class=\"elementor-widget-container\">\n\t\t\t\t\t<p class=\"elementor-heading-title elementor-size-default\">2023<\/p>\t\t\t\t<\/div>\n\t\t\t\t<\/div>\n\t\t<div class=\"elementor-element elementor-element-1380b06 e-con-full e-flex e-con e-child\" data-id=\"1380b06\" data-element_type=\"container\">\n\t\t\t\t<\/div>\n\t\t\t\t<div class=\"elementor-element elementor-element-bbadef2 elementor-widget__width-initial elementor-widget elementor-widget-heading\" data-id=\"bbadef2\" data-element_type=\"widget\" data-widget_type=\"heading.default\">\n\t\t\t\t<div class=\"elementor-widget-container\">\n\t\t\t\t\t<p class=\"elementor-heading-title elementor-size-default\">Client<\/p>\t\t\t\t<\/div>\n\t\t\t\t<\/div>\n\t\t\t\t<div class=\"elementor-element elementor-element-ea0d809 elementor-widget__width-initial elementor-widget elementor-widget-heading\" data-id=\"ea0d809\" data-element_type=\"widget\" data-widget_type=\"heading.default\">\n\t\t\t\t<div class=\"elementor-widget-container\">\n\t\t\t\t\t<p class=\"elementor-heading-title elementor-size-default\">Imprimerie Messages<\/p>\t\t\t\t<\/div>\n\t\t\t\t<\/div>\n\t\t\t\t<\/div>\n\t\t<div class=\"elementor-element elementor-element-b139fd7 e-con-full e-flex e-con e-child\" data-id=\"b139fd7\" data-element_type=\"container\">\n\t\t\t\t<div class=\"elementor-element elementor-element-f4aee82 elementor-widget__width-initial elementor-widget elementor-widget-heading\" data-id=\"f4aee82\" data-element_type=\"widget\" data-widget_type=\"heading.default\">\n\t\t\t\t<div class=\"elementor-widget-container\">\n\t\t\t\t\t<h2 class=\"elementor-heading-title elementor-size-default\">ABOUT THE PROJECT<\/h2>\t\t\t\t<\/div>\n\t\t\t\t<\/div>\n\t\t\t\t<div class=\"elementor-element elementor-element-76e024e elementor-widget__width-initial elementor-widget elementor-widget-heading\" data-id=\"76e024e\" data-element_type=\"widget\" data-widget_type=\"heading.default\">\n\t\t\t\t<div class=\"elementor-widget-container\">\n\t\t\t\t\t<p class=\"elementor-heading-title elementor-size-default translation-block\">Organization of a <b>contest<\/b> within Messages <b>company<\/b>, consisting in predicting the results of the 2023 Ruby World Cup in France. Creation of a <b>flyer for employees<\/b> to enter the competition scores.<\/p>\t\t\t\t<\/div>\n\t\t\t\t<\/div>\n\t\t\t\t<\/div>\n\t\t\t\t\t<\/div>\n\t\t\t\t<\/div>\n\t\t<div class=\"elementor-element elementor-element-b1fd59e e-flex e-con-boxed e-con e-parent\" data-id=\"b1fd59e\" data-element_type=\"container\" data-settings=\"{&quot;background_background&quot;:&quot;classic&quot;}\">\n\t\t\t\t\t<div class=\"e-con-inner\">\n\t\t\t\t<div class=\"elementor-element elementor-element-6be85c3 elementor-widget__width-inherit elementor-widget elementor-widget-image\" data-id=\"6be85c3\" data-element_type=\"widget\" data-widget_type=\"image.default\">\n\t\t\t\t<div class=\"elementor-widget-container\">\n\t\t\t\t\t\t\t\t\t\t\t\t\t\t\t<img fetchpriority=\"high\" decoding=\"async\" width=\"1920\" height=\"971\" src=\"https:\/\/alyssa-espana.fr\/wp-content\/uploads\/2024\/01\/rugby-world-cup-23-01.jpg\" class=\"attachment-full size-full wp-image-2864\" alt=\"Flyers recto-verso de pronostics pour la Coupe du Monde de Rubgy 2023\" srcset=\"https:\/\/alyssa-espana.fr\/wp-content\/uploads\/2024\/01\/rugby-world-cup-23-01.jpg 1920w, https:\/\/alyssa-espana.fr\/wp-content\/uploads\/2024\/01\/rugby-world-cup-23-01-300x152.jpg 300w, https:\/\/alyssa-espana.fr\/wp-content\/uploads\/2024\/01\/rugby-world-cup-23-01-1024x518.jpg 1024w, https:\/\/alyssa-espana.fr\/wp-content\/uploads\/2024\/01\/rugby-world-cup-23-01-768x388.jpg 768w, https:\/\/alyssa-espana.fr\/wp-content\/uploads\/2024\/01\/rugby-world-cup-23-01-1536x777.jpg 1536w\" sizes=\"(max-width: 1920px) 100vw, 1920px\" \/>\t\t\t\t\t\t\t\t\t\t\t\t\t\t\t<\/div>\n\t\t\t\t<\/div>\n\t\t\t\t\t<\/div>\n\t\t\t\t<\/div>\n\t\t<div class=\"elementor-element elementor-element-e8693c6 e-flex e-con-boxed e-con e-parent\" data-id=\"e8693c6\" data-element_type=\"container\">\n\t\t\t\t\t<div class=\"e-con-inner\">\n\t\t\t\t<div class=\"elementor-element elementor-element-5ea9dca elementor-widget__width-inherit elementor-widget elementor-widget-heading\" data-id=\"5ea9dca\" data-element_type=\"widget\" data-widget_type=\"heading.default\">\n\t\t\t\t<div class=\"elementor-widget-container\">\n\t\t\t\t\t<h2 class=\"elementor-heading-title elementor-size-default\">INTERNAL COMPANY COMMUNICATION<\/h2>\t\t\t\t<\/div>\n\t\t\t\t<\/div>\n\t\t\t\t<div class=\"elementor-element elementor-element-c68fdef elementor-widget__width-initial elementor-widget elementor-widget-heading\" data-id=\"c68fdef\" data-element_type=\"widget\" data-widget_type=\"heading.default\">\n\t\t\t\t<div class=\"elementor-widget-container\">\n\t\t\t\t\t<p class=\"elementor-heading-title elementor-size-default translation-block\">A <b>dynamic initiative<\/b> to stimulate employee <b>cohesion<\/b> and commitment through a <b>flyer<\/b> with a clear and explicit design.<\/p>\t\t\t\t<\/div>\n\t\t\t\t<\/div>\n\t\t\t\t\t<\/div>\n\t\t\t\t<\/div>\n\t\t<div class=\"elementor-element elementor-element-1e46732 e-flex e-con-boxed e-con e-parent\" data-id=\"1e46732\" data-element_type=\"container\">\n\t\t\t\t\t<div class=\"e-con-inner\">\n\t\t<div class=\"elementor-element elementor-element-a44536a e-flex e-con-boxed e-con e-child\" data-id=\"a44536a\" data-element_type=\"container\">\n\t\t\t\t\t<div class=\"e-con-inner\">\n\t\t\t\t<div class=\"elementor-element elementor-element-eedf95d elementor-widget elementor-widget-image\" data-id=\"eedf95d\" data-element_type=\"widget\" data-widget_type=\"image.default\">\n\t\t\t\t<div class=\"elementor-widget-container\">\n\t\t\t\t\t\t\t\t\t\t\t\t\t\t\t<img decoding=\"async\" width=\"1676\" height=\"679\" src=\"https:\/\/alyssa-espana.fr\/wp-content\/uploads\/2024\/01\/rugby-world-cup-23-02.jpg\" class=\"attachment-full size-full wp-image-2865\" alt=\"Zoom sur le design du flyer de pronostics pour la Coupe du Monde de Rubgy 2023\" srcset=\"https:\/\/alyssa-espana.fr\/wp-content\/uploads\/2024\/01\/rugby-world-cup-23-02.jpg 1676w, https:\/\/alyssa-espana.fr\/wp-content\/uploads\/2024\/01\/rugby-world-cup-23-02-300x122.jpg 300w, https:\/\/alyssa-espana.fr\/wp-content\/uploads\/2024\/01\/rugby-world-cup-23-02-1024x415.jpg 1024w, https:\/\/alyssa-espana.fr\/wp-content\/uploads\/2024\/01\/rugby-world-cup-23-02-768x311.jpg 768w, https:\/\/alyssa-espana.fr\/wp-content\/uploads\/2024\/01\/rugby-world-cup-23-02-1536x622.jpg 1536w\" sizes=\"(max-width: 1676px) 100vw, 1676px\" \/>\t\t\t\t\t\t\t\t\t\t\t\t\t\t\t<\/div>\n\t\t\t\t<\/div>\n\t\t\t\t\t<\/div>\n\t\t\t\t<\/div>\n\t\t\t\t\t<\/div>\n\t\t\t\t<\/div>\n\t\t<div class=\"elementor-element elementor-element-4396477 e-con-full e-flex e-con e-parent\" data-id=\"4396477\" data-element_type=\"container\">\n\t\t\t\t<div class=\"elementor-element elementor-element-702bd9a elementor-widget__width-inherit elementor-widget elementor-widget-heading\" data-id=\"702bd9a\" data-element_type=\"widget\" data-widget_type=\"heading.default\">\n\t\t\t\t<div class=\"elementor-widget-container\">\n\t\t\t\t\t<h3 class=\"elementor-heading-title elementor-size-default\">HAVE A PROJECT IN MIND ?<\/h3>\t\t\t\t<\/div>\n\t\t\t\t<\/div>\n\t\t\t\t<div class=\"elementor-element elementor-element-6db68d4 elementor-widget__width-inherit elementor-widget elementor-widget-heading\" data-id=\"6db68d4\" data-element_type=\"widget\" data-widget_type=\"heading.default\">\n\t\t\t\t<div class=\"elementor-widget-container\">\n\t\t\t\t\t<h2 class=\"elementor-heading-title elementor-size-default\">Contact me !<\/h2>\t\t\t\t<\/div>\n\t\t\t\t<\/div>\n\t\t<div class=\"elementor-element elementor-element-11c75f6 e-con-full e-flex e-con e-child\" data-id=\"11c75f6\" data-element_type=\"container\">\n\t\t<div class=\"elementor-element elementor-element-3d39e00 e-con-full e-flex e-con e-child\" data-id=\"3d39e00\" data-element_type=\"container\">\n\t\t\t\t<div class=\"elementor-element elementor-element-84b35b1 e-grid-align-left elementor-shape-square elementor-grid-0 elementor-widget elementor-widget-social-icons\" data-id=\"84b35b1\" data-element_type=\"widget\" data-widget_type=\"social-icons.default\">\n\t\t\t\t<div class=\"elementor-widget-container\">\n\t\t\t\t\t\t\t<div class=\"elementor-social-icons-wrapper elementor-grid\">\n\t\t\t\t\t\t\t<span class=\"elementor-grid-item\">\n\t\t\t\t\t<a class=\"elementor-icon elementor-social-icon elementor-social-icon-phone-alt elementor-animation-grow elementor-repeater-item-6a0bd74\" href=\"tel:0786848109\" target=\"_blank\">\n\t\t\t\t\t\t<span class=\"elementor-screen-only\">Phone-alt<\/span>\n\t\t\t\t\t\t<i aria-hidden=\"true\" class=\"fas fa-phone-alt\"><\/i>\t\t\t\t\t<\/a>\n\t\t\t\t<\/span>\n\t\t\t\t\t<\/div>\n\t\t\t\t\t\t<\/div>\n\t\t\t\t<\/div>\n\t\t\t\t<\/div>\n\t\t<div class=\"elementor-element elementor-element-414464f e-con-full e-flex e-con e-child\" data-id=\"414464f\" data-element_type=\"container\">\n\t\t\t\t<div class=\"elementor-element elementor-element-b00b46b e-grid-align-left elementor-shape-rounded elementor-grid-0 elementor-widget elementor-widget-social-icons\" data-id=\"b00b46b\" data-element_type=\"widget\" data-widget_type=\"social-icons.default\">\n\t\t\t\t<div class=\"elementor-widget-container\">\n\t\t\t\t\t\t\t<div class=\"elementor-social-icons-wrapper elementor-grid\">\n\t\t\t\t\t\t\t<span class=\"elementor-grid-item\">\n\t\t\t\t\t<a class=\"elementor-icon elementor-social-icon elementor-social-icon-mail-bulk elementor-animation-grow elementor-repeater-item-6a0bd74\" href=\"mailto:alyssaespana99@gmail.com\" target=\"_blank\">\n\t\t\t\t\t\t<span class=\"elementor-screen-only\">Mail-bulk<\/span>\n\t\t\t\t\t\t<i aria-hidden=\"true\" class=\"fas fa-mail-bulk\"><\/i>\t\t\t\t\t<\/a>\n\t\t\t\t<\/span>\n\t\t\t\t\t<\/div>\n\t\t\t\t\t\t<\/div>\n\t\t\t\t<\/div>\n\t\t\t\t<\/div>\n\t\t<div class=\"elementor-element elementor-element-f765a95 e-con-full e-flex e-con e-child\" data-id=\"f765a95\" data-element_type=\"container\">\n\t\t\t\t<div class=\"elementor-element elementor-element-9eb2f85 e-grid-align-left elementor-shape-rounded elementor-grid-0 elementor-widget elementor-widget-social-icons\" data-id=\"9eb2f85\" data-element_type=\"widget\" data-widget_type=\"social-icons.default\">\n\t\t\t\t<div class=\"elementor-widget-container\">\n\t\t\t\t\t\t\t<div class=\"elementor-social-icons-wrapper elementor-grid\">\n\t\t\t\t\t\t\t<span class=\"elementor-grid-item\">\n\t\t\t\t\t<a class=\"elementor-icon elementor-social-icon elementor-social-icon-linkedin elementor-animation-grow elementor-repeater-item-24e29f9\" href=\"https:\/\/fr.linkedin.com\/in\/alyssa-espa%C3%B1a-8b388020a\" target=\"_blank\">\n\t\t\t\t\t\t<span class=\"elementor-screen-only\">Linkedin<\/span>\n\t\t\t\t\t\t<i aria-hidden=\"true\" class=\"fab fa-linkedin\"><\/i>\t\t\t\t\t<\/a>\n\t\t\t\t<\/span>\n\t\t\t\t\t<\/div>\n\t\t\t\t\t\t<\/div>\n\t\t\t\t<\/div>\n\t\t\t\t<\/div>\n\t\t\t\t<\/div>\n\t\t\t\t<\/div>\n\t\t<div class=\"elementor-element elementor-element-72c53a6 e-flex e-con-boxed e-con e-parent\" data-id=\"72c53a6\" data-element_type=\"container\" data-settings=\"{&quot;background_background&quot;:&quot;classic&quot;}\">\n\t\t\t\t\t<div class=\"e-con-inner\">\n\t\t<div class=\"elementor-element elementor-element-b8f3799 e-con-full e-flex e-con e-child\" data-id=\"b8f3799\" data-element_type=\"container\">\n\t\t\t\t<div class=\"elementor-element elementor-element-76bf1e0 elementor-align-right elementor-widget elementor-widget-button\" data-id=\"76bf1e0\" data-element_type=\"widget\" data-widget_type=\"button.default\">\n\t\t\t\t<div class=\"elementor-widget-container\">\n\t\t\t\t\t\t\t\t\t<div class=\"elementor-button-wrapper\">\n\t\t\t\t\t<a class=\"elementor-button elementor-button-link elementor-size-sm\" href=\"https:\/\/alyssa-espana.fr\/en\/projet-la-faire-parterie\/\">\n\t\t\t\t\t\t<span class=\"elementor-button-content-wrapper\">\n\t\t\t\t\t\t\t\t\t<span class=\"elementor-button-text\">PR\u00c9C\u00c9DENT<\/span>\n\t\t\t\t\t<\/span>\n\t\t\t\t\t<\/a>\n\t\t\t\t<\/div>\n\t\t\t\t\t\t\t\t<\/div>\n\t\t\t\t<\/div>\n\t\t\t\t<\/div>\n\t\t<div class=\"elementor-element elementor-element-09c29d6 e-con-full e-flex e-con e-child\" data-id=\"09c29d6\" data-element_type=\"container\">\n\t\t\t\t<div class=\"elementor-element elementor-element-9ebb141 elementor-view-default elementor-widget elementor-widget-icon\" data-id=\"9ebb141\" data-element_type=\"widget\" data-widget_type=\"icon.default\">\n\t\t\t\t<div class=\"elementor-widget-container\">\n\t\t\t\t\t\t\t<div class=\"elementor-icon-wrapper\">\n\t\t\t<a class=\"elementor-icon\" href=\"https:\/\/alyssa-espana.fr\/en\/realisations-web-graphique\/\">\n\t\t\t<i aria-hidden=\"true\" class=\"fas fa-grip-horizontal\"><\/i>\t\t\t<\/a>\n\t\t<\/div>\n\t\t\t\t\t\t<\/div>\n\t\t\t\t<\/div>\n\t\t\t\t<\/div>\n\t\t<div class=\"elementor-element elementor-element-cfaaa82 e-con-full e-flex e-con e-child\" data-id=\"cfaaa82\" data-element_type=\"container\">\n\t\t\t\t<div class=\"elementor-element elementor-element-3da5e57 elementor-align-right elementor-widget elementor-widget-button\" data-id=\"3da5e57\" data-element_type=\"widget\" data-widget_type=\"button.default\">\n\t\t\t\t<div class=\"elementor-widget-container\">\n\t\t\t\t\t\t\t\t\t<div class=\"elementor-button-wrapper\">\n\t\t\t\t\t<a class=\"elementor-button elementor-button-link elementor-size-sm\" href=\"https:\/\/alyssa-espana.fr\/en\/projet-mariage-marlene-simon\/\">\n\t\t\t\t\t\t<span class=\"elementor-button-content-wrapper\">\n\t\t\t\t\t\t\t\t\t<span class=\"elementor-button-text\">SUIVANT<\/span>\n\t\t\t\t\t<\/span>\n\t\t\t\t\t<\/a>\n\t\t\t\t<\/div>\n\t\t\t\t\t\t\t\t<\/div>\n\t\t\t\t<\/div>\n\t\t\t\t<\/div>\n\t\t\t\t\t<\/div>\n\t\t\t\t<\/div>\n\t\t\t\t<\/div>","protected":false},"excerpt":{"rendered":"<p>COUPE DU MONDE RUGBY 2023 COMMUNICATION GRAPHISME Ann\u00e9e 2023 Client Imprimerie Messages \u00c0 PROPOS DU PROJET Organisation d\u2019un concours au sein de l\u2019entreprise Messages consistant \u00e0 pronostiquer les r\u00e9sultats de la Coupe du Monde de Ruby 2023 en France. Cr\u00e9ation d\u2019un flyer simple recto-verso distribu\u00e9 aux employ\u00e9s leur permettant d\u2019inscrire les scores de la comp\u00e9tition. [&hellip;]<\/p>","protected":false},"author":1,"featured_media":0,"parent":0,"menu_order":0,"comment_status":"closed","ping_status":"closed","template":"","meta":{"footnotes":""},"class_list":["post-2801","page","type-page","status-publish","hentry"],"yoast_head":"<!-- This site is optimized with the Yoast SEO plugin v25.9 - https:\/\/yoast.com\/wordpress\/plugins\/seo\/ -->\n<title>Projet Coupe du Monde Rugby 2023 - Alyssa Espa\u00f1a<\/title>\n<meta name=\"description\" content=\"R\u00e9alisations Alyssa Espa\u00f1a | Projet Coupe du Monde Rugby 2023 - Concours interne d&#039;entreprise pour pronostiquer les r\u00e9sultats de la comp\u00e9tition.\" \/>\n<meta name=\"robots\" content=\"index, follow, max-snippet:-1, max-image-preview:large, max-video-preview:-1\" \/>\n<link rel=\"canonical\" href=\"https:\/\/alyssa-espana.fr\/en\/projet-coupe-du-monde-rugby-2023\/\" \/>\n<meta property=\"og:locale\" content=\"en_US\" \/>\n<meta property=\"og:type\" content=\"article\" \/>\n<meta property=\"og:title\" content=\"Projet Coupe du Monde Rugby 2023 - Alyssa Espa\u00f1a\" \/>\n<meta property=\"og:description\" content=\"R\u00e9alisations Alyssa Espa\u00f1a | Projet Coupe du Monde Rugby 2023 - Concours interne d&#039;entreprise pour pronostiquer les r\u00e9sultats de la comp\u00e9tition.\" \/>\n<meta property=\"og:url\" content=\"https:\/\/alyssa-espana.fr\/en\/projet-coupe-du-monde-rugby-2023\/\" \/>\n<meta property=\"og:site_name\" content=\"Alyssa Espa\u00f1a\" \/>\n<meta property=\"article:modified_time\" content=\"2024-01-22T08:32:27+00:00\" \/>\n<meta property=\"og:image\" content=\"https:\/\/alyssa-espana.fr\/wp-content\/uploads\/2024\/01\/rugby-world-cup-23-01.jpg\" \/>\n<meta name=\"twitter:card\" content=\"summary_large_image\" \/>\n<meta name=\"twitter:label1\" content=\"Est. reading time\" \/>\n\t<meta name=\"twitter:data1\" content=\"1 minute\" \/>\n<script type=\"application\/ld+json\" class=\"yoast-schema-graph\">{\"@context\":\"https:\/\/schema.org\",\"@graph\":[{\"@type\":\"WebPage\",\"@id\":\"https:\/\/alyssa-espana.fr\/projet-coupe-du-monde-rugby-2023\/\",\"url\":\"https:\/\/alyssa-espana.fr\/projet-coupe-du-monde-rugby-2023\/\",\"name\":\"Projet Coupe du Monde Rugby 2023 - Alyssa Espa\u00f1a\",\"isPartOf\":{\"@id\":\"https:\/\/alyssa-espana.fr\/#website\"},\"primaryImageOfPage\":{\"@id\":\"https:\/\/alyssa-espana.fr\/projet-coupe-du-monde-rugby-2023\/#primaryimage\"},\"image\":{\"@id\":\"https:\/\/alyssa-espana.fr\/projet-coupe-du-monde-rugby-2023\/#primaryimage\"},\"thumbnailUrl\":\"https:\/\/alyssa-espana.fr\/wp-content\/uploads\/2024\/01\/rugby-world-cup-23-01.jpg\",\"datePublished\":\"2024-01-10T14:16:06+00:00\",\"dateModified\":\"2024-01-22T08:32:27+00:00\",\"description\":\"R\u00e9alisations Alyssa Espa\u00f1a | Projet Coupe du Monde Rugby 2023 - Concours interne d'entreprise pour pronostiquer les r\u00e9sultats de la comp\u00e9tition.\",\"breadcrumb\":{\"@id\":\"https:\/\/alyssa-espana.fr\/projet-coupe-du-monde-rugby-2023\/#breadcrumb\"},\"inLanguage\":\"en-US\",\"potentialAction\":[{\"@type\":\"ReadAction\",\"target\":[\"https:\/\/alyssa-espana.fr\/projet-coupe-du-monde-rugby-2023\/\"]}]},{\"@type\":\"ImageObject\",\"inLanguage\":\"en-US\",\"@id\":\"https:\/\/alyssa-espana.fr\/projet-coupe-du-monde-rugby-2023\/#primaryimage\",\"url\":\"https:\/\/alyssa-espana.fr\/wp-content\/uploads\/2024\/01\/rugby-world-cup-23-01.jpg\",\"contentUrl\":\"https:\/\/alyssa-espana.fr\/wp-content\/uploads\/2024\/01\/rugby-world-cup-23-01.jpg\"},{\"@type\":\"BreadcrumbList\",\"@id\":\"https:\/\/alyssa-espana.fr\/projet-coupe-du-monde-rugby-2023\/#breadcrumb\",\"itemListElement\":[{\"@type\":\"ListItem\",\"position\":1,\"name\":\"Accueil\",\"item\":\"https:\/\/alyssa-espana.fr\/\"},{\"@type\":\"ListItem\",\"position\":2,\"name\":\"Projet Coupe du Monde Rugby 2023\"}]},{\"@type\":\"WebSite\",\"@id\":\"https:\/\/alyssa-espana.fr\/#website\",\"url\":\"https:\/\/alyssa-espana.fr\/\",\"name\":\"Alyssa Espa\u00f1a\",\"description\":\"\",\"potentialAction\":[{\"@type\":\"SearchAction\",\"target\":{\"@type\":\"EntryPoint\",\"urlTemplate\":\"https:\/\/alyssa-espana.fr\/?s={search_term_string}\"},\"query-input\":{\"@type\":\"PropertyValueSpecification\",\"valueRequired\":true,\"valueName\":\"search_term_string\"}}],\"inLanguage\":\"en-US\"}]}<\/script>\n<!-- \/ Yoast SEO plugin. -->","yoast_head_json":{"title":"Projet Coupe du Monde Rugby 2023 - Alyssa Espa\u00f1a","description":"R\u00e9alisations Alyssa Espa\u00f1a | Projet Coupe du Monde Rugby 2023 - Concours interne d'entreprise pour pronostiquer les r\u00e9sultats de la comp\u00e9tition.","robots":{"index":"index","follow":"follow","max-snippet":"max-snippet:-1","max-image-preview":"max-image-preview:large","max-video-preview":"max-video-preview:-1"},"canonical":"https:\/\/alyssa-espana.fr\/en\/projet-coupe-du-monde-rugby-2023\/","og_locale":"en_US","og_type":"article","og_title":"Projet Coupe du Monde Rugby 2023 - Alyssa Espa\u00f1a","og_description":"R\u00e9alisations Alyssa Espa\u00f1a | Projet Coupe du Monde Rugby 2023 - Concours interne d'entreprise pour pronostiquer les r\u00e9sultats de la comp\u00e9tition.","og_url":"https:\/\/alyssa-espana.fr\/en\/projet-coupe-du-monde-rugby-2023\/","og_site_name":"Alyssa Espa\u00f1a","article_modified_time":"2024-01-22T08:32:27+00:00","og_image":[{"url":"https:\/\/alyssa-espana.fr\/wp-content\/uploads\/2024\/01\/rugby-world-cup-23-01.jpg","type":"","width":"","height":""}],"twitter_card":"summary_large_image","twitter_misc":{"Est. reading time":"1 minute"},"schema":{"@context":"https:\/\/schema.org","@graph":[{"@type":"WebPage","@id":"https:\/\/alyssa-espana.fr\/projet-coupe-du-monde-rugby-2023\/","url":"https:\/\/alyssa-espana.fr\/projet-coupe-du-monde-rugby-2023\/","name":"Projet Coupe du Monde Rugby 2023 - Alyssa Espa\u00f1a","isPartOf":{"@id":"https:\/\/alyssa-espana.fr\/#website"},"primaryImageOfPage":{"@id":"https:\/\/alyssa-espana.fr\/projet-coupe-du-monde-rugby-2023\/#primaryimage"},"image":{"@id":"https:\/\/alyssa-espana.fr\/projet-coupe-du-monde-rugby-2023\/#primaryimage"},"thumbnailUrl":"https:\/\/alyssa-espana.fr\/wp-content\/uploads\/2024\/01\/rugby-world-cup-23-01.jpg","datePublished":"2024-01-10T14:16:06+00:00","dateModified":"2024-01-22T08:32:27+00:00","description":"R\u00e9alisations Alyssa Espa\u00f1a | Projet Coupe du Monde Rugby 2023 - Concours interne d'entreprise pour pronostiquer les r\u00e9sultats de la comp\u00e9tition.","breadcrumb":{"@id":"https:\/\/alyssa-espana.fr\/projet-coupe-du-monde-rugby-2023\/#breadcrumb"},"inLanguage":"en-US","potentialAction":[{"@type":"ReadAction","target":["https:\/\/alyssa-espana.fr\/projet-coupe-du-monde-rugby-2023\/"]}]},{"@type":"ImageObject","inLanguage":"en-US","@id":"https:\/\/alyssa-espana.fr\/projet-coupe-du-monde-rugby-2023\/#primaryimage","url":"https:\/\/alyssa-espana.fr\/wp-content\/uploads\/2024\/01\/rugby-world-cup-23-01.jpg","contentUrl":"https:\/\/alyssa-espana.fr\/wp-content\/uploads\/2024\/01\/rugby-world-cup-23-01.jpg"},{"@type":"BreadcrumbList","@id":"https:\/\/alyssa-espana.fr\/projet-coupe-du-monde-rugby-2023\/#breadcrumb","itemListElement":[{"@type":"ListItem","position":1,"name":"Accueil","item":"https:\/\/alyssa-espana.fr\/"},{"@type":"ListItem","position":2,"name":"Projet Coupe du Monde Rugby 2023"}]},{"@type":"WebSite","@id":"https:\/\/alyssa-espana.fr\/#website","url":"https:\/\/alyssa-espana.fr\/","name":"Alyssa Espa\u00f1a","description":"","potentialAction":[{"@type":"SearchAction","target":{"@type":"EntryPoint","urlTemplate":"https:\/\/alyssa-espana.fr\/?s={search_term_string}"},"query-input":{"@type":"PropertyValueSpecification","valueRequired":true,"valueName":"search_term_string"}}],"inLanguage":"en-US"}]}},"_links":{"self":[{"href":"https:\/\/alyssa-espana.fr\/en\/wp-json\/wp\/v2\/pages\/2801","targetHints":{"allow":["GET"]}}],"collection":[{"href":"https:\/\/alyssa-espana.fr\/en\/wp-json\/wp\/v2\/pages"}],"about":[{"href":"https:\/\/alyssa-espana.fr\/en\/wp-json\/wp\/v2\/types\/page"}],"author":[{"embeddable":true,"href":"https:\/\/alyssa-espana.fr\/en\/wp-json\/wp\/v2\/users\/1"}],"replies":[{"embeddable":true,"href":"https:\/\/alyssa-espana.fr\/en\/wp-json\/wp\/v2\/comments?post=2801"}],"version-history":[{"count":41,"href":"https:\/\/alyssa-espana.fr\/en\/wp-json\/wp\/v2\/pages\/2801\/revisions"}],"predecessor-version":[{"id":4769,"href":"https:\/\/alyssa-espana.fr\/en\/wp-json\/wp\/v2\/pages\/2801\/revisions\/4769"}],"wp:attachment":[{"href":"https:\/\/alyssa-espana.fr\/en\/wp-json\/wp\/v2\/media?parent=2801"}],"curies":[{"name":"wp","href":"https:\/\/api.w.org\/{rel}","templated":true}]}}