{"id":342,"date":"2023-03-04T12:26:08","date_gmt":"2023-03-04T11:26:08","guid":{"rendered":"https:\/\/alyssa-espana.fr\/?page_id=342"},"modified":"2024-02-02T15:42:47","modified_gmt":"2024-02-02T14:42:47","slug":"contact","status":"publish","type":"page","link":"https:\/\/alyssa-espana.fr\/en\/contact\/","title":{"rendered":"Contact"},"content":{"rendered":"<div data-elementor-type=\"wp-page\" data-elementor-id=\"342\" class=\"elementor elementor-342\">\n\t\t\t\t<div class=\"elementor-element elementor-element-f107499 e-flex e-con-boxed e-con e-parent\" data-id=\"f107499\" data-element_type=\"container\">\n\t\t\t\t\t<div class=\"e-con-inner\">\n\t\t\t\t<div class=\"elementor-element elementor-element-7f45cd8 elementor-widget__width-inherit elementor-widget elementor-widget-heading\" data-id=\"7f45cd8\" data-element_type=\"widget\" data-widget_type=\"heading.default\">\n\t\t\t\t<div class=\"elementor-widget-container\">\n\t\t\t\t\t<h2 class=\"elementor-heading-title elementor-size-default\">ANY QUESTION ? PLEASE CONTACT ME<\/h2>\t\t\t\t<\/div>\n\t\t\t\t<\/div>\n\t\t\t\t<div class=\"elementor-element elementor-element-bb10951 elementor-widget__width-inherit elementor-widget elementor-widget-heading\" data-id=\"bb10951\" data-element_type=\"widget\" data-widget_type=\"heading.default\">\n\t\t\t\t<div class=\"elementor-widget-container\">\n\t\t\t\t\t<h1 class=\"elementor-heading-title elementor-size-default\">Contact page<\/h1>\t\t\t\t<\/div>\n\t\t\t\t<\/div>\n\t\t\t\t<div class=\"elementor-element elementor-element-fbe4562 elementor-widget__width-initial elementor-widget elementor-widget-heading\" data-id=\"fbe4562\" data-element_type=\"widget\" data-widget_type=\"heading.default\">\n\t\t\t\t<div class=\"elementor-widget-container\">\n\t\t\t\t\t<p class=\"elementor-heading-title elementor-size-default translation-block\">Do you have a <b>project idea<\/b>? A request for a <b>quotation<\/b>? A question about a <b>service<\/b>? <b>I'm available<\/b> to answer all your questions. <b>Let's get in touch<\/b>!<\/p>\t\t\t\t<\/div>\n\t\t\t\t<\/div>\n\t\t\t\t\t<\/div>\n\t\t\t\t<\/div>\n\t\t<div class=\"elementor-element elementor-element-a7724ee e-flex e-con-boxed e-con e-parent\" data-id=\"a7724ee\" data-element_type=\"container\">\n\t\t\t\t\t<div class=\"e-con-inner\">\n\t\t<div class=\"elementor-element elementor-element-4f35ca9 e-con-full e-flex e-con e-child\" data-id=\"4f35ca9\" data-element_type=\"container\">\n\t\t\t\t<div class=\"elementor-element elementor-element-4377cdd elementor-widget elementor-widget-shortcode\" data-id=\"4377cdd\" data-element_type=\"widget\" data-widget_type=\"shortcode.default\">\n\t\t\t\t<div class=\"elementor-widget-container\">\n\t\t\t\t\t\t\t<div class=\"elementor-shortcode\"><div class=\"forminator-ui forminator-custom-form forminator-custom-form-1788 forminator-design--flat  forminator_ajax\" data-forminator-render=\"0\" data-form=\"forminator-module-1788\" data-uid=\"69fb30b1d098f\"><br\/><\/div><form\n\t\t\t\tid=\"forminator-module-1788\"\n\t\t\t\tclass=\"forminator-ui forminator-custom-form forminator-custom-form-1788 forminator-design--flat  forminator_ajax\"\n\t\t\t\tmethod=\"post\"\n\t\t\t\tdata-forminator-render=\"0\"\n\t\t\t\tdata-form-id=\"1788\"\n\t\t\t\t\n\t\t\t\tdata-design=\"flat\"\n\t\t\t\tdata-color-option=\"default\"\n\t\t\t\t\n\t\t\t\t\n\t\t\t\t\n\t\t\t\tdata-grid=\"open\"\n\t\t\t\t\n\t\t\t\t\n\t\t\t\tstyle=\"display: none;\"\n\t\t\t\t\n\t\t\t\tdata-uid=\"69fb30b1d098f\" action=\"\"\n\t\t\t><div role=\"alert\" aria-live=\"polite\" class=\"forminator-response-message forminator-error\" aria-hidden=\"true\"><\/div><div class=\"forminator-row\"><div id=\"name-1\" class=\"forminator-field-name forminator-col forminator-col-6\"><div class=\"forminator-field\"><label for=\"forminator-field-name-1_69fb30b1d098f\" id=\"forminator-field-name-1_69fb30b1d098f-label\" class=\"forminator-label\">First name <span class=\"forminator-required\">*<\/span><\/label><input type=\"text\" name=\"name-1\" value=\"\" placeholder=\"\" id=\"forminator-field-name-1_69fb30b1d098f\" class=\"forminator-input forminator-name--field\" aria-required=\"true\" \/><\/div><\/div><div id=\"name-2\" class=\"forminator-field-name forminator-col forminator-col-6\"><div class=\"forminator-field\"><label for=\"forminator-field-name-2_69fb30b1d098f\" id=\"forminator-field-name-2_69fb30b1d098f-label\" class=\"forminator-label\">Name <span class=\"forminator-required\">*<\/span><\/label><input type=\"text\" name=\"name-2\" value=\"\" placeholder=\"\" id=\"forminator-field-name-2_69fb30b1d098f\" class=\"forminator-input forminator-name--field\" aria-required=\"true\" \/><\/div><\/div><\/div><div class=\"forminator-row\"><div id=\"email-1\" class=\"forminator-field-email forminator-col forminator-col-6\"><div class=\"forminator-field\"><label for=\"forminator-field-email-1_69fb30b1d098f\" id=\"forminator-field-email-1_69fb30b1d098f-label\" class=\"forminator-label\">Email <span class=\"forminator-required\">*<\/span><\/label><input type=\"email\" name=\"email-1\" value=\"\" placeholder=\"\" id=\"forminator-field-email-1_69fb30b1d098f\" class=\"forminator-input forminator-email--field\" data-required=\"true\" aria-required=\"true\" \/><\/div><\/div><div id=\"phone-1\" class=\"forminator-field-phone forminator-col forminator-col-6\"><div class=\"forminator-field\"><label for=\"forminator-field-phone-1_69fb30b1d098f\" id=\"forminator-field-phone-1_69fb30b1d098f-label\" class=\"forminator-label\">Phone number <span class=\"forminator-required\">*<\/span><\/label><input type=\"text\" name=\"phone-1\" value=\"\" placeholder=\"\" id=\"forminator-field-phone-1_69fb30b1d098f\" class=\"forminator-input forminator-field--phone\" data-required=\"1\" aria-required=\"true\" autocomplete=\"off\" \/><\/div><\/div><\/div><div class=\"forminator-row\"><div id=\"textarea-1\" class=\"forminator-field-textarea forminator-col forminator-col-12\"><div class=\"forminator-field\"><label for=\"forminator-field-textarea-1_69fb30b1d098f\" id=\"forminator-field-textarea-1_69fb30b1d098f-label\" class=\"forminator-label\">Your message <span class=\"forminator-required\">*<\/span><\/label><textarea name=\"textarea-1\" placeholder=\"\" id=\"forminator-field-textarea-1_69fb30b1d098f\" class=\"forminator-textarea\" rows=\"6\" style=\"min-height:250px;\" maxlength=\"500\" ><\/textarea><span id=\"forminator-field-textarea-1_69fb30b1d098f-description\" class=\"forminator-description\"><span data-limit=\"500\" data-type=\"characters\" data-editor=\"\">0 \/ 500<\/span><\/span><\/div><\/div><\/div><input type=\"hidden\" name=\"referer_url\" value=\"\" \/><div class=\"forminator-row forminator-row-last\"><div class=\"forminator-col\"><div class=\"forminator-field\"><button class=\"forminator-button forminator-button-submit\">Send my request<\/button><\/div><\/div><\/div><input type=\"hidden\" id=\"forminator_nonce\" name=\"forminator_nonce\" value=\"e56344ecc7\" \/><input type=\"hidden\" name=\"_wp_http_referer\" value=\"\/en\/wp-json\/wp\/v2\/pages\/342\" \/><input type=\"hidden\" name=\"form_id\" value=\"1788\"><input type=\"hidden\" name=\"page_id\" value=\"342\"><input type=\"hidden\" name=\"form_type\" value=\"default\"><input type=\"hidden\" name=\"current_url\" value=\"https:\/\/alyssa-espana.fr\/en\/contact\/\"><input type=\"hidden\" name=\"render_id\" value=\"0\"><input type=\"hidden\" name=\"action\" value=\"forminator_submit_form_custom-forms\"><label for=\"input_6\" class=\"forminator-hidden\" aria-hidden=\"true\">Please do not fill in this field. <input id=\"input_6\" type=\"text\" name=\"input_6\" value=\"\" autocomplete=\"off\"><\/label><input type=\"hidden\" name=\"trp-form-language\" value=\"en\"\/><\/form><\/div>\n\t\t\t\t\t\t<\/div>\n\t\t\t\t<\/div>\n\t\t\t\t<\/div>\n\t\t<div class=\"elementor-element elementor-element-d903cb3 e-con-full e-flex e-con e-child\" data-id=\"d903cb3\" data-element_type=\"container\">\n\t\t<div class=\"elementor-element elementor-element-24ed325 e-flex e-con-boxed e-con e-child\" data-id=\"24ed325\" data-element_type=\"container\">\n\t\t\t\t\t<div class=\"e-con-inner\">\n\t\t<div class=\"elementor-element elementor-element-76b23a0 e-con-full e-flex e-con e-child\" data-id=\"76b23a0\" data-element_type=\"container\">\n\t\t\t\t<div class=\"elementor-element elementor-element-0d92684 e-grid-align-left elementor-shape-square elementor-grid-0 elementor-widget elementor-widget-social-icons\" data-id=\"0d92684\" data-element_type=\"widget\" data-widget_type=\"social-icons.default\">\n\t\t\t\t<div class=\"elementor-widget-container\">\n\t\t\t\t\t\t\t<div class=\"elementor-social-icons-wrapper elementor-grid\">\n\t\t\t\t\t\t\t<span class=\"elementor-grid-item\">\n\t\t\t\t\t<a class=\"elementor-icon elementor-social-icon elementor-social-icon-mail-bulk elementor-animation-grow elementor-repeater-item-6a0bd74\" href=\"mailto:alyssaespana99@gmail.com\" target=\"_blank\">\n\t\t\t\t\t\t<span class=\"elementor-screen-only\">Mail-bulk<\/span>\n\t\t\t\t\t\t<i aria-hidden=\"true\" class=\"fas fa-mail-bulk\"><\/i>\t\t\t\t\t<\/a>\n\t\t\t\t<\/span>\n\t\t\t\t\t<\/div>\n\t\t\t\t\t\t<\/div>\n\t\t\t\t<\/div>\n\t\t\t\t<\/div>\n\t\t<div class=\"elementor-element elementor-element-af92ebf e-con-full e-flex e-con e-child\" data-id=\"af92ebf\" data-element_type=\"container\">\n\t\t\t\t<div class=\"elementor-element elementor-element-52afc84 elementor-widget__width-inherit elementor-widget elementor-widget-heading\" data-id=\"52afc84\" data-element_type=\"widget\" data-widget_type=\"heading.default\">\n\t\t\t\t<div class=\"elementor-widget-container\">\n\t\t\t\t\t<h3 class=\"elementor-heading-title elementor-size-default\">EMAIL<\/h3>\t\t\t\t<\/div>\n\t\t\t\t<\/div>\n\t\t\t\t<div class=\"elementor-element elementor-element-de91fa3 elementor-widget__width-inherit elementor-widget elementor-widget-heading\" data-id=\"de91fa3\" data-element_type=\"widget\" data-widget_type=\"heading.default\">\n\t\t\t\t<div class=\"elementor-widget-container\">\n\t\t\t\t\t<p class=\"elementor-heading-title elementor-size-default\"><a href=\"mailto:alyssaespana99@gmail.com\"><b>\nalyssaespana99@gmail.com\n<\/b><\/a><\/p>\t\t\t\t<\/div>\n\t\t\t\t<\/div>\n\t\t\t\t<\/div>\n\t\t\t\t\t<\/div>\n\t\t\t\t<\/div>\n\t\t<div class=\"elementor-element elementor-element-77b51b0 e-flex e-con-boxed e-con e-child\" data-id=\"77b51b0\" data-element_type=\"container\">\n\t\t\t\t\t<div class=\"e-con-inner\">\n\t\t<div class=\"elementor-element elementor-element-8c087bb e-con-full e-flex e-con e-child\" data-id=\"8c087bb\" data-element_type=\"container\">\n\t\t\t\t<div class=\"elementor-element elementor-element-9bf3a1e e-grid-align-left elementor-shape-square elementor-grid-0 elementor-widget elementor-widget-social-icons\" data-id=\"9bf3a1e\" data-element_type=\"widget\" data-widget_type=\"social-icons.default\">\n\t\t\t\t<div class=\"elementor-widget-container\">\n\t\t\t\t\t\t\t<div class=\"elementor-social-icons-wrapper elementor-grid\">\n\t\t\t\t\t\t\t<span class=\"elementor-grid-item\">\n\t\t\t\t\t<a class=\"elementor-icon elementor-social-icon elementor-social-icon-phone-alt elementor-animation-grow elementor-repeater-item-6a0bd74\" href=\"tel:0786848109\" target=\"_blank\">\n\t\t\t\t\t\t<span class=\"elementor-screen-only\">Phone-alt<\/span>\n\t\t\t\t\t\t<i aria-hidden=\"true\" class=\"fas fa-phone-alt\"><\/i>\t\t\t\t\t<\/a>\n\t\t\t\t<\/span>\n\t\t\t\t\t<\/div>\n\t\t\t\t\t\t<\/div>\n\t\t\t\t<\/div>\n\t\t\t\t<\/div>\n\t\t<div class=\"elementor-element elementor-element-ea03d79 e-con-full e-flex e-con e-child\" data-id=\"ea03d79\" data-element_type=\"container\">\n\t\t\t\t<div class=\"elementor-element elementor-element-271852b elementor-widget__width-inherit elementor-widget elementor-widget-heading\" data-id=\"271852b\" data-element_type=\"widget\" data-widget_type=\"heading.default\">\n\t\t\t\t<div class=\"elementor-widget-container\">\n\t\t\t\t\t<h3 class=\"elementor-heading-title elementor-size-default\">PHONE<\/h3>\t\t\t\t<\/div>\n\t\t\t\t<\/div>\n\t\t\t\t<div class=\"elementor-element elementor-element-ee10114 elementor-widget__width-inherit elementor-widget elementor-widget-heading\" data-id=\"ee10114\" data-element_type=\"widget\" data-widget_type=\"heading.default\">\n\t\t\t\t<div class=\"elementor-widget-container\">\n\t\t\t\t\t<p class=\"elementor-heading-title elementor-size-default\"><a href=\"tel:0786848109\"><b>\n07 86 84 81 09\n<\/b><\/a><\/p>\t\t\t\t<\/div>\n\t\t\t\t<\/div>\n\t\t\t\t<\/div>\n\t\t\t\t\t<\/div>\n\t\t\t\t<\/div>\n\t\t<div class=\"elementor-element elementor-element-f3dea22 e-flex e-con-boxed e-con e-child\" data-id=\"f3dea22\" data-element_type=\"container\">\n\t\t\t\t\t<div class=\"e-con-inner\">\n\t\t<div class=\"elementor-element elementor-element-ed90d60 e-con-full e-flex e-con e-child\" data-id=\"ed90d60\" data-element_type=\"container\">\n\t\t\t\t<div class=\"elementor-element elementor-element-fc7628c e-grid-align-left elementor-shape-square elementor-grid-0 elementor-widget elementor-widget-social-icons\" data-id=\"fc7628c\" data-element_type=\"widget\" data-widget_type=\"social-icons.default\">\n\t\t\t\t<div class=\"elementor-widget-container\">\n\t\t\t\t\t\t\t<div class=\"elementor-social-icons-wrapper elementor-grid\">\n\t\t\t\t\t\t\t<span class=\"elementor-grid-item\">\n\t\t\t\t\t<a class=\"elementor-icon elementor-social-icon elementor-social-icon-linkedin elementor-animation-grow elementor-repeater-item-6a0bd74\" href=\"https:\/\/fr.linkedin.com\/in\/alyssa-espa%C3%B1a-8b388020a\" target=\"_blank\">\n\t\t\t\t\t\t<span class=\"elementor-screen-only\">Linkedin<\/span>\n\t\t\t\t\t\t<i aria-hidden=\"true\" class=\"fab fa-linkedin\"><\/i>\t\t\t\t\t<\/a>\n\t\t\t\t<\/span>\n\t\t\t\t\t<\/div>\n\t\t\t\t\t\t<\/div>\n\t\t\t\t<\/div>\n\t\t\t\t<\/div>\n\t\t<div class=\"elementor-element elementor-element-1102fd3 e-con-full e-flex e-con e-child\" data-id=\"1102fd3\" data-element_type=\"container\">\n\t\t\t\t<div class=\"elementor-element elementor-element-8e1b7d0 elementor-widget__width-inherit elementor-widget elementor-widget-heading\" data-id=\"8e1b7d0\" data-element_type=\"widget\" data-widget_type=\"heading.default\">\n\t\t\t\t<div class=\"elementor-widget-container\">\n\t\t\t\t\t<h3 class=\"elementor-heading-title elementor-size-default\">LINKEDIN<\/h3>\t\t\t\t<\/div>\n\t\t\t\t<\/div>\n\t\t\t\t<div class=\"elementor-element elementor-element-d9c107c elementor-widget__width-inherit elementor-widget elementor-widget-heading\" data-id=\"d9c107c\" data-element_type=\"widget\" data-widget_type=\"heading.default\">\n\t\t\t\t<div class=\"elementor-widget-container\">\n\t\t\t\t\t<p class=\"elementor-heading-title elementor-size-default\"><a href=\"https:\/\/fr.linkedin.com\/in\/alyssa-espa%C3%B1a-8b388020a\"><b>\nAlyssa Espa\u00f1a\n<\/b><\/a><\/p>\t\t\t\t<\/div>\n\t\t\t\t<\/div>\n\t\t\t\t<\/div>\n\t\t\t\t\t<\/div>\n\t\t\t\t<\/div>\n\t\t\t\t<div class=\"elementor-element elementor-element-b2b5c55 elementor-align-center elementor-mobile-align-center elementor-widget elementor-widget-button\" data-id=\"b2b5c55\" data-element_type=\"widget\" data-widget_type=\"button.default\">\n\t\t\t\t<div class=\"elementor-widget-container\">\n\t\t\t\t\t\t\t\t\t<div class=\"elementor-button-wrapper\">\n\t\t\t\t\t<a class=\"elementor-button elementor-button-link elementor-size-sm elementor-animation-grow\" href=\"https:\/\/alyssa-espana.fr\/en\/realisations-web-graphique\/\">\n\t\t\t\t\t\t<span class=\"elementor-button-content-wrapper\">\n\t\t\t\t\t\t\t\t\t<span class=\"elementor-button-text\">MY SERVICES<\/span>\n\t\t\t\t\t<\/span>\n\t\t\t\t\t<\/a>\n\t\t\t\t<\/div>\n\t\t\t\t\t\t\t\t<\/div>\n\t\t\t\t<\/div>\n\t\t\t\t<\/div>\n\t\t\t\t\t<\/div>\n\t\t\t\t<\/div>\n\t\t<div class=\"elementor-element elementor-element-ece7983 elementor-hidden-mobile e-flex e-con-boxed e-con e-parent\" data-id=\"ece7983\" data-element_type=\"container\">\n\t\t\t\t\t<div class=\"e-con-inner\">\n\t\t\t\t<div class=\"elementor-element elementor-element-c934f33 elementor-widget elementor-widget-image\" data-id=\"c934f33\" data-element_type=\"widget\" data-widget_type=\"image.default\">\n\t\t\t\t<div class=\"elementor-widget-container\">\n\t\t\t\t\t\t\t\t\t\t\t\t\t\t\t<img fetchpriority=\"high\" decoding=\"async\" width=\"2048\" height=\"642\" src=\"https:\/\/alyssa-espana.fr\/wp-content\/uploads\/2024\/01\/contact-background-2048x642.png\" class=\"attachment-2048x2048 size-2048x2048 wp-image-3657\" alt=\"\" srcset=\"https:\/\/alyssa-espana.fr\/wp-content\/uploads\/2024\/01\/contact-background-2048x642.png 2048w, https:\/\/alyssa-espana.fr\/wp-content\/uploads\/2024\/01\/contact-background-300x94.png 300w, https:\/\/alyssa-espana.fr\/wp-content\/uploads\/2024\/01\/contact-background-1024x321.png 1024w, https:\/\/alyssa-espana.fr\/wp-content\/uploads\/2024\/01\/contact-background-768x241.png 768w, https:\/\/alyssa-espana.fr\/wp-content\/uploads\/2024\/01\/contact-background-1536x481.png 1536w\" sizes=\"(max-width: 2048px) 100vw, 2048px\" \/>\t\t\t\t\t\t\t\t\t\t\t\t\t\t\t<\/div>\n\t\t\t\t<\/div>\n\t\t\t\t\t<\/div>\n\t\t\t\t<\/div>\n\t\t\t\t<\/div>","protected":false},"excerpt":{"rendered":"<p>UNE QUESTION ? N&rsquo;H\u00c9SITEZ PAS \u00c0 ME CONTACTER Page de contact Une id\u00e9e de projet ? Une demande de devis ? Une question sur une prestation ? Je suis disponible pour r\u00e9pondre \u00e0 toutes vos demandes. Ne perdons pas une seconde, rentrons en contact ! Mail-bulk MAIL alyssaespana99@gmail.com Phone-alt T\u00c9L\u00c9PHONE 07 86 84 81 09 [&hellip;]<\/p>","protected":false},"author":1,"featured_media":0,"parent":0,"menu_order":0,"comment_status":"closed","ping_status":"closed","template":"elementor_header_footer","meta":{"footnotes":""},"class_list":["post-342","page","type-page","status-publish","hentry"],"yoast_head":"<!-- This site is optimized with the Yoast SEO plugin v25.9 - https:\/\/yoast.com\/wordpress\/plugins\/seo\/ -->\n<title>Contact - Alyssa Espa\u00f1a<\/title>\n<meta name=\"description\" content=\"Contact Alyssa Espa\u00f1a | Une question, un projet, un devis... n&#039;h\u00e9sitez pas \u00e0 me contacter et je me ferai un plaisir de vous aider.\" \/>\n<meta name=\"robots\" content=\"index, follow, max-snippet:-1, max-image-preview:large, max-video-preview:-1\" \/>\n<link rel=\"canonical\" href=\"https:\/\/alyssa-espana.fr\/en\/contact\/\" \/>\n<meta property=\"og:locale\" content=\"en_US\" \/>\n<meta property=\"og:type\" content=\"article\" \/>\n<meta property=\"og:title\" content=\"Contact - Alyssa Espa\u00f1a\" \/>\n<meta property=\"og:description\" content=\"Contact Alyssa Espa\u00f1a | Une question, un projet, un devis... n&#039;h\u00e9sitez pas \u00e0 me contacter et je me ferai un plaisir de vous aider.\" \/>\n<meta property=\"og:url\" content=\"https:\/\/alyssa-espana.fr\/en\/contact\/\" \/>\n<meta property=\"og:site_name\" content=\"Alyssa Espa\u00f1a\" \/>\n<meta property=\"article:modified_time\" content=\"2024-02-02T14:42:47+00:00\" \/>\n<meta property=\"og:image\" content=\"https:\/\/alyssa-espana.fr\/wp-content\/uploads\/2024\/01\/contact-background-2048x642.png\" \/>\n<meta name=\"twitter:card\" content=\"summary_large_image\" \/>\n<meta name=\"twitter:label1\" content=\"Est. reading time\" \/>\n\t<meta name=\"twitter:data1\" content=\"1 minute\" \/>\n<script type=\"application\/ld+json\" class=\"yoast-schema-graph\">{\"@context\":\"https:\/\/schema.org\",\"@graph\":[{\"@type\":\"WebPage\",\"@id\":\"https:\/\/alyssa-espana.fr\/contact\/\",\"url\":\"https:\/\/alyssa-espana.fr\/contact\/\",\"name\":\"Contact - Alyssa Espa\u00f1a\",\"isPartOf\":{\"@id\":\"https:\/\/alyssa-espana.fr\/#website\"},\"primaryImageOfPage\":{\"@id\":\"https:\/\/alyssa-espana.fr\/contact\/#primaryimage\"},\"image\":{\"@id\":\"https:\/\/alyssa-espana.fr\/contact\/#primaryimage\"},\"thumbnailUrl\":\"https:\/\/alyssa-espana.fr\/wp-content\/uploads\/2024\/01\/contact-background-2048x642.png\",\"datePublished\":\"2023-03-04T11:26:08+00:00\",\"dateModified\":\"2024-02-02T14:42:47+00:00\",\"description\":\"Contact Alyssa Espa\u00f1a | Une question, un projet, un devis... n'h\u00e9sitez pas \u00e0 me contacter et je me ferai un plaisir de vous aider.\",\"breadcrumb\":{\"@id\":\"https:\/\/alyssa-espana.fr\/contact\/#breadcrumb\"},\"inLanguage\":\"en-US\",\"potentialAction\":[{\"@type\":\"ReadAction\",\"target\":[\"https:\/\/alyssa-espana.fr\/contact\/\"]}]},{\"@type\":\"ImageObject\",\"inLanguage\":\"en-US\",\"@id\":\"https:\/\/alyssa-espana.fr\/contact\/#primaryimage\",\"url\":\"https:\/\/alyssa-espana.fr\/wp-content\/uploads\/2024\/01\/contact-background-2048x642.png\",\"contentUrl\":\"https:\/\/alyssa-espana.fr\/wp-content\/uploads\/2024\/01\/contact-background-2048x642.png\"},{\"@type\":\"BreadcrumbList\",\"@id\":\"https:\/\/alyssa-espana.fr\/contact\/#breadcrumb\",\"itemListElement\":[{\"@type\":\"ListItem\",\"position\":1,\"name\":\"Accueil\",\"item\":\"https:\/\/alyssa-espana.fr\/\"},{\"@type\":\"ListItem\",\"position\":2,\"name\":\"Contact\"}]},{\"@type\":\"WebSite\",\"@id\":\"https:\/\/alyssa-espana.fr\/#website\",\"url\":\"https:\/\/alyssa-espana.fr\/\",\"name\":\"Alyssa Espa\u00f1a\",\"description\":\"\",\"potentialAction\":[{\"@type\":\"SearchAction\",\"target\":{\"@type\":\"EntryPoint\",\"urlTemplate\":\"https:\/\/alyssa-espana.fr\/?s={search_term_string}\"},\"query-input\":{\"@type\":\"PropertyValueSpecification\",\"valueRequired\":true,\"valueName\":\"search_term_string\"}}],\"inLanguage\":\"en-US\"}]}<\/script>\n<!-- \/ Yoast SEO plugin. -->","yoast_head_json":{"title":"Contact - Alyssa Espa\u00f1a","description":"Contact Alyssa Espa\u00f1a | Une question, un projet, un devis... n'h\u00e9sitez pas \u00e0 me contacter et je me ferai un plaisir de vous aider.","robots":{"index":"index","follow":"follow","max-snippet":"max-snippet:-1","max-image-preview":"max-image-preview:large","max-video-preview":"max-video-preview:-1"},"canonical":"https:\/\/alyssa-espana.fr\/en\/contact\/","og_locale":"en_US","og_type":"article","og_title":"Contact - Alyssa Espa\u00f1a","og_description":"Contact Alyssa Espa\u00f1a | Une question, un projet, un devis... n'h\u00e9sitez pas \u00e0 me contacter et je me ferai un plaisir de vous aider.","og_url":"https:\/\/alyssa-espana.fr\/en\/contact\/","og_site_name":"Alyssa Espa\u00f1a","article_modified_time":"2024-02-02T14:42:47+00:00","og_image":[{"url":"https:\/\/alyssa-espana.fr\/wp-content\/uploads\/2024\/01\/contact-background-2048x642.png","type":"","width":"","height":""}],"twitter_card":"summary_large_image","twitter_misc":{"Est. reading time":"1 minute"},"schema":{"@context":"https:\/\/schema.org","@graph":[{"@type":"WebPage","@id":"https:\/\/alyssa-espana.fr\/contact\/","url":"https:\/\/alyssa-espana.fr\/contact\/","name":"Contact - Alyssa Espa\u00f1a","isPartOf":{"@id":"https:\/\/alyssa-espana.fr\/#website"},"primaryImageOfPage":{"@id":"https:\/\/alyssa-espana.fr\/contact\/#primaryimage"},"image":{"@id":"https:\/\/alyssa-espana.fr\/contact\/#primaryimage"},"thumbnailUrl":"https:\/\/alyssa-espana.fr\/wp-content\/uploads\/2024\/01\/contact-background-2048x642.png","datePublished":"2023-03-04T11:26:08+00:00","dateModified":"2024-02-02T14:42:47+00:00","description":"Contact Alyssa Espa\u00f1a | Une question, un projet, un devis... n'h\u00e9sitez pas \u00e0 me contacter et je me ferai un plaisir de vous aider.","breadcrumb":{"@id":"https:\/\/alyssa-espana.fr\/contact\/#breadcrumb"},"inLanguage":"en-US","potentialAction":[{"@type":"ReadAction","target":["https:\/\/alyssa-espana.fr\/contact\/"]}]},{"@type":"ImageObject","inLanguage":"en-US","@id":"https:\/\/alyssa-espana.fr\/contact\/#primaryimage","url":"https:\/\/alyssa-espana.fr\/wp-content\/uploads\/2024\/01\/contact-background-2048x642.png","contentUrl":"https:\/\/alyssa-espana.fr\/wp-content\/uploads\/2024\/01\/contact-background-2048x642.png"},{"@type":"BreadcrumbList","@id":"https:\/\/alyssa-espana.fr\/contact\/#breadcrumb","itemListElement":[{"@type":"ListItem","position":1,"name":"Accueil","item":"https:\/\/alyssa-espana.fr\/"},{"@type":"ListItem","position":2,"name":"Contact"}]},{"@type":"WebSite","@id":"https:\/\/alyssa-espana.fr\/#website","url":"https:\/\/alyssa-espana.fr\/","name":"Alyssa Espa\u00f1a","description":"","potentialAction":[{"@type":"SearchAction","target":{"@type":"EntryPoint","urlTemplate":"https:\/\/alyssa-espana.fr\/?s={search_term_string}"},"query-input":{"@type":"PropertyValueSpecification","valueRequired":true,"valueName":"search_term_string"}}],"inLanguage":"en-US"}]}},"_links":{"self":[{"href":"https:\/\/alyssa-espana.fr\/en\/wp-json\/wp\/v2\/pages\/342","targetHints":{"allow":["GET"]}}],"collection":[{"href":"https:\/\/alyssa-espana.fr\/en\/wp-json\/wp\/v2\/pages"}],"about":[{"href":"https:\/\/alyssa-espana.fr\/en\/wp-json\/wp\/v2\/types\/page"}],"author":[{"embeddable":true,"href":"https:\/\/alyssa-espana.fr\/en\/wp-json\/wp\/v2\/users\/1"}],"replies":[{"embeddable":true,"href":"https:\/\/alyssa-espana.fr\/en\/wp-json\/wp\/v2\/comments?post=342"}],"version-history":[{"count":211,"href":"https:\/\/alyssa-espana.fr\/en\/wp-json\/wp\/v2\/pages\/342\/revisions"}],"predecessor-version":[{"id":4920,"href":"https:\/\/alyssa-espana.fr\/en\/wp-json\/wp\/v2\/pages\/342\/revisions\/4920"}],"wp:attachment":[{"href":"https:\/\/alyssa-espana.fr\/en\/wp-json\/wp\/v2\/media?parent=342"}],"curies":[{"name":"wp","href":"https:\/\/api.w.org\/{rel}","templated":true}]}}