{"id":4832,"date":"2024-01-22T13:04:36","date_gmt":"2024-01-22T12:04:36","guid":{"rendered":"https:\/\/alyssa-espana.fr\/?page_id=4832"},"modified":"2024-01-22T13:58:17","modified_gmt":"2024-01-22T12:58:17","slug":"mention-legales","status":"publish","type":"page","link":"https:\/\/alyssa-espana.fr\/en\/mention-legales\/","title":{"rendered":"Mentions l\u00e9gales"},"content":{"rendered":"<div data-elementor-type=\"wp-page\" data-elementor-id=\"4832\" class=\"elementor elementor-4832\">\n\t\t\t\t<div class=\"elementor-element elementor-element-53fc012 e-flex e-con-boxed e-con e-parent\" data-id=\"53fc012\" data-element_type=\"container\">\n\t\t\t\t\t<div class=\"e-con-inner\">\n\t\t\t\t<div class=\"elementor-element elementor-element-52fab7f elementor-widget__width-inherit elementor-widget elementor-widget-heading\" data-id=\"52fab7f\" data-element_type=\"widget\" data-widget_type=\"heading.default\">\n\t\t\t\t<div class=\"elementor-widget-container\">\n\t\t\t\t\t<h2 class=\"elementor-heading-title elementor-size-default\">Mentions l\u00e9gales<\/h2>\t\t\t\t<\/div>\n\t\t\t\t<\/div>\n\t\t\t\t\t<\/div>\n\t\t\t\t<\/div>\n\t\t<div class=\"elementor-element elementor-element-de2470c e-flex e-con-boxed e-con e-parent\" data-id=\"de2470c\" data-element_type=\"container\">\n\t\t\t\t\t<div class=\"e-con-inner\">\n\t\t\t\t<div class=\"elementor-element elementor-element-0ddebc3 elementor-widget__width-inherit elementor-widget elementor-widget-heading\" data-id=\"0ddebc3\" data-element_type=\"widget\" data-widget_type=\"heading.default\">\n\t\t\t\t<div class=\"elementor-widget-container\">\n\t\t\t\t\t<h2 class=\"elementor-heading-title elementor-size-default\">1. \u00c9diteur du site<\/h2>\t\t\t\t<\/div>\n\t\t\t\t<\/div>\n\t\t\t\t<div class=\"elementor-element elementor-element-8a85a91 elementor-widget__width-inherit elementor-widget elementor-widget-heading\" data-id=\"8a85a91\" data-element_type=\"widget\" data-widget_type=\"heading.default\">\n\t\t\t\t<div class=\"elementor-widget-container\">\n\t\t\t\t\t<p class=\"elementor-heading-title elementor-size-default\"><b>Alyssa Espa\u00f1a<\/b>\n<br>\nGraphiste et webdesigner freelance<br>\n28 rue du pic du midi<br>\n65390 Aurensan<br>\n<br>\nPortable : 07 86 84 81 09<br>\nEmail : alyssaespana99@gmail.com<br>\n\nwww.alyssa-espana.fr\n<br><br>\n\nSiret : 981 819 212 00011\n<\/p>\t\t\t\t<\/div>\n\t\t\t\t<\/div>\n\t\t\t\t\t<\/div>\n\t\t\t\t<\/div>\n\t\t<div class=\"elementor-element elementor-element-bd62a2d e-flex e-con-boxed e-con e-parent\" data-id=\"bd62a2d\" data-element_type=\"container\">\n\t\t\t\t\t<div class=\"e-con-inner\">\n\t\t\t\t<div class=\"elementor-element elementor-element-cda6697 elementor-widget__width-inherit elementor-widget elementor-widget-heading\" data-id=\"cda6697\" data-element_type=\"widget\" data-widget_type=\"heading.default\">\n\t\t\t\t<div class=\"elementor-widget-container\">\n\t\t\t\t\t<h2 class=\"elementor-heading-title elementor-size-default\">2. Responsable de la publication<\/h2>\t\t\t\t<\/div>\n\t\t\t\t<\/div>\n\t\t\t\t<div class=\"elementor-element elementor-element-856a3ff elementor-widget__width-inherit elementor-widget elementor-widget-heading\" data-id=\"856a3ff\" data-element_type=\"widget\" data-widget_type=\"heading.default\">\n\t\t\t\t<div class=\"elementor-widget-container\">\n\t\t\t\t\t<p class=\"elementor-heading-title elementor-size-default\">Alyssa Espa\u00f1a<\/p>\t\t\t\t<\/div>\n\t\t\t\t<\/div>\n\t\t\t\t\t<\/div>\n\t\t\t\t<\/div>\n\t\t<div class=\"elementor-element elementor-element-8ad5579 e-flex e-con-boxed e-con e-parent\" data-id=\"8ad5579\" data-element_type=\"container\">\n\t\t\t\t\t<div class=\"e-con-inner\">\n\t\t\t\t<div class=\"elementor-element elementor-element-1ea84b4 elementor-widget__width-inherit elementor-widget elementor-widget-heading\" data-id=\"1ea84b4\" data-element_type=\"widget\" data-widget_type=\"heading.default\">\n\t\t\t\t<div class=\"elementor-widget-container\">\n\t\t\t\t\t<h2 class=\"elementor-heading-title elementor-size-default\">3. H\u00e9bergement<\/h2>\t\t\t\t<\/div>\n\t\t\t\t<\/div>\n\t\t\t\t<div class=\"elementor-element elementor-element-86d4240 elementor-widget__width-inherit elementor-widget elementor-widget-heading\" data-id=\"86d4240\" data-element_type=\"widget\" data-widget_type=\"heading.default\">\n\t\t\t\t<div class=\"elementor-widget-container\">\n\t\t\t\t\t<p class=\"elementor-heading-title elementor-size-default\">Hostinger<br>\n\nHOSTINGER INTERNATIONAL LTD<br>\n61 Lordou Vironos Street<br>\n6023 Larnaca, Chypre<br><br>\n\nhttps:\/\/www.hostinger.fr\/contact<br>\n+370 645 03378\n<\/p>\t\t\t\t<\/div>\n\t\t\t\t<\/div>\n\t\t\t\t\t<\/div>\n\t\t\t\t<\/div>\n\t\t<div class=\"elementor-element elementor-element-b83d945 e-flex e-con-boxed e-con e-parent\" data-id=\"b83d945\" data-element_type=\"container\">\n\t\t\t\t\t<div class=\"e-con-inner\">\n\t\t\t\t<div class=\"elementor-element elementor-element-d20e833 elementor-widget__width-inherit elementor-widget elementor-widget-heading\" data-id=\"d20e833\" data-element_type=\"widget\" data-widget_type=\"heading.default\">\n\t\t\t\t<div class=\"elementor-widget-container\">\n\t\t\t\t\t<h2 class=\"elementor-heading-title elementor-size-default\">4. Conditions d\u2019utilisation <\/h2>\t\t\t\t<\/div>\n\t\t\t\t<\/div>\n\t\t\t\t<div class=\"elementor-element elementor-element-e5da3d6 elementor-widget__width-inherit elementor-widget elementor-widget-heading\" data-id=\"e5da3d6\" data-element_type=\"widget\" data-widget_type=\"heading.default\">\n\t\t\t\t<div class=\"elementor-widget-container\">\n\t\t\t\t\t<h2 class=\"elementor-heading-title elementor-size-default\">4.1 Conditions g\u00e9n\u00e9rales d\u2019utilisation\n<\/h2>\t\t\t\t<\/div>\n\t\t\t\t<\/div>\n\t\t\t\t<div class=\"elementor-element elementor-element-4a5df6e elementor-widget__width-inherit elementor-widget elementor-widget-heading\" data-id=\"4a5df6e\" data-element_type=\"widget\" data-widget_type=\"heading.default\">\n\t\t\t\t<div class=\"elementor-widget-container\">\n\t\t\t\t\t<p class=\"elementor-heading-title elementor-size-default\">L\u2019utilisation du site alyssa-espana.fr implique l\u2019acceptation pleine et enti\u00e8re des conditions g\u00e9n\u00e9rales d\u2019utilisation ci-apr\u00e8s d\u00e9crites. Ces conditions d\u2019utilisation sont susceptibles d\u2019\u00eatre modifi\u00e9es ou compl\u00e9t\u00e9es \u00e0 tout moment, les utilisateurs sont donc invit\u00e9s \u00e0 les consulter de mani\u00e8re r\u00e9guli\u00e8re.<br><br>\n\nLe site alyssa-espana.fr est r\u00e9guli\u00e8rement mis \u00e0 jour par Alyssa Espa\u00f1a. De la m\u00eame fa\u00e7on, les mentions l\u00e9gales peuvent \u00eatre modifi\u00e9es \u00e0 tout moment : elles s\u2019imposent n\u00e9anmoins \u00e0 l\u2019utilisateur qui est invit\u00e9 \u00e0 s\u2019y r\u00e9f\u00e9rer le plus souvent possible afin d\u2019en prendre connaissance.<\/p>\t\t\t\t<\/div>\n\t\t\t\t<\/div>\n\t\t\t\t<div class=\"elementor-element elementor-element-84fd010 elementor-widget__width-inherit elementor-widget elementor-widget-heading\" data-id=\"84fd010\" data-element_type=\"widget\" data-widget_type=\"heading.default\">\n\t\t\t\t<div class=\"elementor-widget-container\">\n\t\t\t\t\t<h2 class=\"elementor-heading-title elementor-size-default\">4.2 Propri\u00e9t\u00e9 intellectuelle\n<\/h2>\t\t\t\t<\/div>\n\t\t\t\t<\/div>\n\t\t\t\t<div class=\"elementor-element elementor-element-2b5c7c7 elementor-widget__width-inherit elementor-widget elementor-widget-heading\" data-id=\"2b5c7c7\" data-element_type=\"widget\" data-widget_type=\"heading.default\">\n\t\t\t\t<div class=\"elementor-widget-container\">\n\t\t\t\t\t<p class=\"elementor-heading-title elementor-size-default\">Ce site internet et son contenu sont la propri\u00e9t\u00e9 exclusive d'Alyssa Espa\u00f1a, graphiste et webdesigner, qui d\u00e9tient les droits d\u2019usage sur tous les \u00e9l\u00e9ments accessibles sur le site, notamment les textes, images, graphismes, logo, ic\u00f4nes.\n<br><br>\nToute exploitation, reproduction ou repr\u00e9sentation totale ou partielle de ce site, par quelque proc\u00e9d\u00e9 que ce soit, sans l'autorisation expresse d'Alyssa Espa\u00f1a, est interdite et constituerait une contrefa\u00e7on sanctionn\u00e9e par les articles L.335-2 et suivants du Code de la propri\u00e9t\u00e9 intellectuelle.\n<br><br> \nLes logos, images et marques ou tout autre \u00e9l\u00e9ment relatifs aux autres soci\u00e9t\u00e9s cit\u00e9s ou utilis\u00e9s sur le site alyssa-espana.fr sont la propri\u00e9t\u00e9 respective de leurs auteurs.\n<br><br>\nVous pouvez placer sur votre site, blog ou r\u00e9seau social un lien vers le site alyssa-espana.fr et vous pouvez \u00e9galement citer des passages du site alyssa-espana.fr conform\u00e9ment \u00e0 l\u2019article L.122-4 du Code de la Propri\u00e9t\u00e9 Intellectuelle en respectant la condition suivante Article L.122-5 alin\u00e9a 3 : La source doit \u00eatre mentionn\u00e9e avec un lien vers alyssa-espana.fr.<br>\nLes r\u00e9alisations pr\u00e9sentes sur le site sont\u00a0des projets professionnels ou personnels r\u00e9alis\u00e9es par Alyssa Espa\u00f1a. Certaines photographies ou images vectorielles sont sous copyright du site freepik.com et shutterstock.com et de ses auteurs.<\/p>\t\t\t\t<\/div>\n\t\t\t\t<\/div>\n\t\t\t\t<div class=\"elementor-element elementor-element-b301eac elementor-widget__width-inherit elementor-widget elementor-widget-heading\" data-id=\"b301eac\" data-element_type=\"widget\" data-widget_type=\"heading.default\">\n\t\t\t\t<div class=\"elementor-widget-container\">\n\t\t\t\t\t<h2 class=\"elementor-heading-title elementor-size-default\">4.3 Contenu\n<\/h2>\t\t\t\t<\/div>\n\t\t\t\t<\/div>\n\t\t\t\t<div class=\"elementor-element elementor-element-297180c elementor-widget__width-inherit elementor-widget elementor-widget-heading\" data-id=\"297180c\" data-element_type=\"widget\" data-widget_type=\"heading.default\">\n\t\t\t\t<div class=\"elementor-widget-container\">\n\t\t\t\t\t<p class=\"elementor-heading-title elementor-size-default\">Le contenu de ce site est donn\u00e9 \u00e0 titre indicatif. Les textes, visuels, et les mentions l\u00e9gales peuvent-\u00eatre appel\u00e9s \u00e0 \u00e9voluer Alyssa Espa\u00f1a ne peut \u00eatre tenue responsable des \u00e9ventuelles omissions ou inexactitudes apparaissants dans le contenu, qu\u2019elles soient de son fait ou du fait des tiers partenaires.<\/p>\t\t\t\t<\/div>\n\t\t\t\t<\/div>\n\t\t\t\t<div class=\"elementor-element elementor-element-5db04ce elementor-widget__width-inherit elementor-widget elementor-widget-heading\" data-id=\"5db04ce\" data-element_type=\"widget\" data-widget_type=\"heading.default\">\n\t\t\t\t<div class=\"elementor-widget-container\">\n\t\t\t\t\t<h2 class=\"elementor-heading-title elementor-size-default\">4.4 S\u00e9curit\u00e9<\/h2>\t\t\t\t<\/div>\n\t\t\t\t<\/div>\n\t\t\t\t<div class=\"elementor-element elementor-element-1e7f188 elementor-widget__width-inherit elementor-widget elementor-widget-heading\" data-id=\"1e7f188\" data-element_type=\"widget\" data-widget_type=\"heading.default\">\n\t\t\t\t<div class=\"elementor-widget-container\">\n\t\t\t\t\t<p class=\"elementor-heading-title elementor-size-default\">Le site Internet ne pourra \u00eatre tenu responsable de dommages mat\u00e9riels li\u00e9s \u00e0 l\u2019utilisation du site. De plus, l\u2019utilisateur du site s\u2019engage \u00e0 acc\u00e9der au site en utilisant un mat\u00e9riel r\u00e9cent, ne contenant pas de virus et avec un navigateur de derni\u00e8re g\u00e9n\u00e9ration mis-\u00e0-jour\n<br><br>\nVotre connexion \u00e0 tout autre site ext\u00e9rieur est \u00e0 vos risques exclusifs.<\/p>\t\t\t\t<\/div>\n\t\t\t\t<\/div>\n\t\t\t\t<div class=\"elementor-element elementor-element-3e60cf7 elementor-widget__width-inherit elementor-widget elementor-widget-heading\" data-id=\"3e60cf7\" data-element_type=\"widget\" data-widget_type=\"heading.default\">\n\t\t\t\t<div class=\"elementor-widget-container\">\n\t\t\t\t\t<h2 class=\"elementor-heading-title elementor-size-default\">4.5 Gestion des donn\u00e9es personnelles\n<\/h2>\t\t\t\t<\/div>\n\t\t\t\t<\/div>\n\t\t\t\t<div class=\"elementor-element elementor-element-a83b8af elementor-widget__width-inherit elementor-widget elementor-widget-heading\" data-id=\"a83b8af\" data-element_type=\"widget\" data-widget_type=\"heading.default\">\n\t\t\t\t<div class=\"elementor-widget-container\">\n\t\t\t\t\t<p class=\"elementor-heading-title elementor-size-default\">Conform\u00e9ment aux articles 39 et 40 de la loi \u00ab informatique et libert\u00e9s \u00bb du 6 janvier 1978, toute personne physique ou morale justifiant de son identit\u00e9 a le droit d\u2019acc\u00e9der, de modifier, de rectifier ou de supprimer toute donn\u00e9e la concernant. Pour exercer ses droits, l\u2019utilisateur doit adresser sa demande par e-mail \u00e0\u00a0alyssaespana99@gmail.com\u00a0et joindre un justificatif d\u2019identit\u00e9.\n<br><br>\n\u00c0 l\u2019occasion de l\u2019utilisation de ce site, peuvent \u00eatre recueillies : l\u2019URL des liens par l\u2019interm\u00e9diaire desquels l\u2019utilisateur a acc\u00e9d\u00e9 au site, le fournisseur d\u2019acc\u00e8s de l\u2019utilisateur, l\u2019adresse de protocole Internet (IP) de l\u2019utilisateur.\n<br><br>\nAucune information personnelle ne sera publi\u00e9e \u00e0 l\u2019insu de l\u2019utilisateur, \u00e9chang\u00e9e, transf\u00e9r\u00e9e, c\u00e9d\u00e9e ou vendue sur un support quelconque \u00e0 des tiers. Seule l\u2019hypoth\u00e8se du rachat\u00a0de l\u2019entreprise d\u2019Alyssa Espa\u00f1a et de ses droits permettrait la transmission des dites informations \u00e0 l\u2019\u00e9ventuel acqu\u00e9reur qui serait \u00e0 son tour tenu de la m\u00eame obligation de conservation et de modification des donn\u00e9es.\n<\/p>\t\t\t\t<\/div>\n\t\t\t\t<\/div>\n\t\t\t\t<div class=\"elementor-element elementor-element-8cdeecf elementor-widget__width-inherit elementor-widget elementor-widget-heading\" data-id=\"8cdeecf\" data-element_type=\"widget\" data-widget_type=\"heading.default\">\n\t\t\t\t<div class=\"elementor-widget-container\">\n\t\t\t\t\t<h2 class=\"elementor-heading-title elementor-size-default\">4.6 Cookies et liens hypertextes<\/h2>\t\t\t\t<\/div>\n\t\t\t\t<\/div>\n\t\t\t\t<div class=\"elementor-element elementor-element-a20a32e elementor-widget__width-inherit elementor-widget elementor-widget-heading\" data-id=\"a20a32e\" data-element_type=\"widget\" data-widget_type=\"heading.default\">\n\t\t\t\t<div class=\"elementor-widget-container\">\n\t\t\t\t\t<p class=\"elementor-heading-title elementor-size-default\">Ce site utilise des cookies pour am\u00e9liorer l'exp\u00e9rience utilisateur. En naviguant sur ce site, vous acceptez l'utilisation de cookies conform\u00e9ment \u00e0 notre politique en mati\u00e8re de cookies.\n<br><br>\nCe site peut contenir des liens vers d'autres sites internet. Alyssa Espa\u00f1a ne peut \u00eatre tenue responsable du contenu de ces sites et d\u00e9cline toute responsabilit\u00e9 quant aux dommages pouvant r\u00e9sulter de la consultation de ces sites.\n<\/p>\t\t\t\t<\/div>\n\t\t\t\t<\/div>\n\t\t\t\t\t<\/div>\n\t\t\t\t<\/div>\n\t\t<div class=\"elementor-element elementor-element-fa380a1 e-flex e-con-boxed e-con e-parent\" data-id=\"fa380a1\" data-element_type=\"container\">\n\t\t\t\t\t<div class=\"e-con-inner\">\n\t\t\t\t<div class=\"elementor-element elementor-element-cd44b91 elementor-widget__width-inherit elementor-widget elementor-widget-heading\" data-id=\"cd44b91\" data-element_type=\"widget\" data-widget_type=\"heading.default\">\n\t\t\t\t<div class=\"elementor-widget-container\">\n\t\t\t\t\t<h2 class=\"elementor-heading-title elementor-size-default\">5. Droit applicable <\/h2>\t\t\t\t<\/div>\n\t\t\t\t<\/div>\n\t\t\t\t<div class=\"elementor-element elementor-element-ca501f5 elementor-widget__width-inherit elementor-widget elementor-widget-heading\" data-id=\"ca501f5\" data-element_type=\"widget\" data-widget_type=\"heading.default\">\n\t\t\t\t<div class=\"elementor-widget-container\">\n\t\t\t\t\t<p class=\"elementor-heading-title elementor-size-default\">Tout litige en relation avec l\u2019utilisation du site www.alyssa-espana.fr est soumis au droit fran\u00e7ais. Il est fait attribution exclusive de juridiction aux tribunaux comp\u00e9tents.\n<\/p>\t\t\t\t<\/div>\n\t\t\t\t<\/div>\n\t\t\t\t<div class=\"elementor-element elementor-element-890f2d5 elementor-widget__width-inherit elementor-widget elementor-widget-heading\" data-id=\"890f2d5\" data-element_type=\"widget\" data-widget_type=\"heading.default\">\n\t\t\t\t<div class=\"elementor-widget-container\">\n\t\t\t\t\t<p class=\"elementor-heading-title elementor-size-default\">Ces mentions l\u00e9gales ont \u00e9t\u00e9 mises \u00e0 jour le 22 janvier 2024.<\/p>\t\t\t\t<\/div>\n\t\t\t\t<\/div>\n\t\t\t\t\t<\/div>\n\t\t\t\t<\/div>\n\t\t\t\t<\/div>","protected":false},"excerpt":{"rendered":"<p>Mentions l\u00e9gales 1. \u00c9diteur du site Alyssa Espa\u00f1a Graphiste et webdesigner freelance 28 rue du pic du midi 65390 Aurensan Portable : 07 86 84 81 09 Email : alyssaespana99@gmail.com www.alyssa-espana.fr Siret : 981 819 212 00011 2. Responsable de la publication Alyssa Espa\u00f1a 3. H\u00e9bergement Hostinger HOSTINGER INTERNATIONAL LTD 61 Lordou Vironos Street 6023 [&hellip;]<\/p>","protected":false},"author":1,"featured_media":0,"parent":0,"menu_order":0,"comment_status":"closed","ping_status":"closed","template":"","meta":{"footnotes":""},"class_list":["post-4832","page","type-page","status-publish","hentry"],"yoast_head":"<!-- This site is optimized with the Yoast SEO plugin v25.9 - https:\/\/yoast.com\/wordpress\/plugins\/seo\/ -->\n<title>Mentions l\u00e9gales - Alyssa Espa\u00f1a<\/title>\n<meta name=\"robots\" content=\"index, follow, max-snippet:-1, max-image-preview:large, max-video-preview:-1\" \/>\n<link rel=\"canonical\" href=\"https:\/\/alyssa-espana.fr\/en\/mention-legales\/\" \/>\n<meta property=\"og:locale\" content=\"en_US\" \/>\n<meta property=\"og:type\" content=\"article\" \/>\n<meta property=\"og:title\" content=\"Mentions l\u00e9gales - Alyssa Espa\u00f1a\" \/>\n<meta property=\"og:description\" content=\"Mentions l\u00e9gales 1. \u00c9diteur du site Alyssa Espa\u00f1a Graphiste et webdesigner freelance 28 rue du pic du midi 65390 Aurensan Portable : 07 86 84 81 09 Email : alyssaespana99@gmail.com www.alyssa-espana.fr Siret : 981 819 212 00011 2. Responsable de la publication Alyssa Espa\u00f1a 3. H\u00e9bergement Hostinger HOSTINGER INTERNATIONAL LTD 61 Lordou Vironos Street 6023 [&hellip;]\" \/>\n<meta property=\"og:url\" content=\"https:\/\/alyssa-espana.fr\/en\/mention-legales\/\" \/>\n<meta property=\"og:site_name\" content=\"Alyssa Espa\u00f1a\" \/>\n<meta property=\"article:modified_time\" content=\"2024-01-22T12:58:17+00:00\" \/>\n<meta name=\"twitter:card\" content=\"summary_large_image\" \/>\n<meta name=\"twitter:label1\" content=\"Est. reading time\" \/>\n\t<meta name=\"twitter:data1\" content=\"4 minutes\" \/>\n<script type=\"application\/ld+json\" class=\"yoast-schema-graph\">{\"@context\":\"https:\/\/schema.org\",\"@graph\":[{\"@type\":\"WebPage\",\"@id\":\"https:\/\/alyssa-espana.fr\/mention-legales\/\",\"url\":\"https:\/\/alyssa-espana.fr\/mention-legales\/\",\"name\":\"Mentions l\u00e9gales - Alyssa Espa\u00f1a\",\"isPartOf\":{\"@id\":\"https:\/\/alyssa-espana.fr\/#website\"},\"datePublished\":\"2024-01-22T12:04:36+00:00\",\"dateModified\":\"2024-01-22T12:58:17+00:00\",\"breadcrumb\":{\"@id\":\"https:\/\/alyssa-espana.fr\/mention-legales\/#breadcrumb\"},\"inLanguage\":\"en-US\",\"potentialAction\":[{\"@type\":\"ReadAction\",\"target\":[\"https:\/\/alyssa-espana.fr\/mention-legales\/\"]}]},{\"@type\":\"BreadcrumbList\",\"@id\":\"https:\/\/alyssa-espana.fr\/mention-legales\/#breadcrumb\",\"itemListElement\":[{\"@type\":\"ListItem\",\"position\":1,\"name\":\"Accueil\",\"item\":\"https:\/\/alyssa-espana.fr\/\"},{\"@type\":\"ListItem\",\"position\":2,\"name\":\"Mentions l\u00e9gales\"}]},{\"@type\":\"WebSite\",\"@id\":\"https:\/\/alyssa-espana.fr\/#website\",\"url\":\"https:\/\/alyssa-espana.fr\/\",\"name\":\"Alyssa Espa\u00f1a\",\"description\":\"\",\"potentialAction\":[{\"@type\":\"SearchAction\",\"target\":{\"@type\":\"EntryPoint\",\"urlTemplate\":\"https:\/\/alyssa-espana.fr\/?s={search_term_string}\"},\"query-input\":{\"@type\":\"PropertyValueSpecification\",\"valueRequired\":true,\"valueName\":\"search_term_string\"}}],\"inLanguage\":\"en-US\"}]}<\/script>\n<!-- \/ Yoast SEO plugin. -->","yoast_head_json":{"title":"Mentions l\u00e9gales - Alyssa Espa\u00f1a","robots":{"index":"index","follow":"follow","max-snippet":"max-snippet:-1","max-image-preview":"max-image-preview:large","max-video-preview":"max-video-preview:-1"},"canonical":"https:\/\/alyssa-espana.fr\/en\/mention-legales\/","og_locale":"en_US","og_type":"article","og_title":"Mentions l\u00e9gales - Alyssa Espa\u00f1a","og_description":"Mentions l\u00e9gales 1. \u00c9diteur du site Alyssa Espa\u00f1a Graphiste et webdesigner freelance 28 rue du pic du midi 65390 Aurensan Portable : 07 86 84 81 09 Email : alyssaespana99@gmail.com www.alyssa-espana.fr Siret : 981 819 212 00011 2. Responsable de la publication Alyssa Espa\u00f1a 3. H\u00e9bergement Hostinger HOSTINGER INTERNATIONAL LTD 61 Lordou Vironos Street 6023 [&hellip;]","og_url":"https:\/\/alyssa-espana.fr\/en\/mention-legales\/","og_site_name":"Alyssa Espa\u00f1a","article_modified_time":"2024-01-22T12:58:17+00:00","twitter_card":"summary_large_image","twitter_misc":{"Est. reading time":"4 minutes"},"schema":{"@context":"https:\/\/schema.org","@graph":[{"@type":"WebPage","@id":"https:\/\/alyssa-espana.fr\/mention-legales\/","url":"https:\/\/alyssa-espana.fr\/mention-legales\/","name":"Mentions l\u00e9gales - Alyssa Espa\u00f1a","isPartOf":{"@id":"https:\/\/alyssa-espana.fr\/#website"},"datePublished":"2024-01-22T12:04:36+00:00","dateModified":"2024-01-22T12:58:17+00:00","breadcrumb":{"@id":"https:\/\/alyssa-espana.fr\/mention-legales\/#breadcrumb"},"inLanguage":"en-US","potentialAction":[{"@type":"ReadAction","target":["https:\/\/alyssa-espana.fr\/mention-legales\/"]}]},{"@type":"BreadcrumbList","@id":"https:\/\/alyssa-espana.fr\/mention-legales\/#breadcrumb","itemListElement":[{"@type":"ListItem","position":1,"name":"Accueil","item":"https:\/\/alyssa-espana.fr\/"},{"@type":"ListItem","position":2,"name":"Mentions l\u00e9gales"}]},{"@type":"WebSite","@id":"https:\/\/alyssa-espana.fr\/#website","url":"https:\/\/alyssa-espana.fr\/","name":"Alyssa Espa\u00f1a","description":"","potentialAction":[{"@type":"SearchAction","target":{"@type":"EntryPoint","urlTemplate":"https:\/\/alyssa-espana.fr\/?s={search_term_string}"},"query-input":{"@type":"PropertyValueSpecification","valueRequired":true,"valueName":"search_term_string"}}],"inLanguage":"en-US"}]}},"_links":{"self":[{"href":"https:\/\/alyssa-espana.fr\/en\/wp-json\/wp\/v2\/pages\/4832","targetHints":{"allow":["GET"]}}],"collection":[{"href":"https:\/\/alyssa-espana.fr\/en\/wp-json\/wp\/v2\/pages"}],"about":[{"href":"https:\/\/alyssa-espana.fr\/en\/wp-json\/wp\/v2\/types\/page"}],"author":[{"embeddable":true,"href":"https:\/\/alyssa-espana.fr\/en\/wp-json\/wp\/v2\/users\/1"}],"replies":[{"embeddable":true,"href":"https:\/\/alyssa-espana.fr\/en\/wp-json\/wp\/v2\/comments?post=4832"}],"version-history":[{"count":16,"href":"https:\/\/alyssa-espana.fr\/en\/wp-json\/wp\/v2\/pages\/4832\/revisions"}],"predecessor-version":[{"id":4879,"href":"https:\/\/alyssa-espana.fr\/en\/wp-json\/wp\/v2\/pages\/4832\/revisions\/4879"}],"wp:attachment":[{"href":"https:\/\/alyssa-espana.fr\/en\/wp-json\/wp\/v2\/media?parent=4832"}],"curies":[{"name":"wp","href":"https:\/\/api.w.org\/{rel}","templated":true}]}}